{"id":1366558,"date":"2025-04-01T09:53:27","date_gmt":"2025-04-01T06:53:27","guid":{"rendered":"https:\/\/games.tactic.net\/tuote\/paw-patrol-valper-i-vaskehallen\/"},"modified":"2025-04-01T09:53:27","modified_gmt":"2025-04-01T06:53:27","slug":"paw-patrol-valper-i-vaskehallen","status":"publish","type":"product","link":"https:\/\/games.tactic.net\/no\/tuote\/paw-patrol-valper-i-vaskehallen\/","title":{"rendered":"PAW PATROL VALPER I VASKEHALLEN"},"content":{"rendered":"<p>Rubble og resten av valpegjengen m\u00e5 i all hast bygge en ny vaskehall n\u00e5r herr Meister har gjort ugagn p\u00e5 racerbanen. Kan de klare det i tide?<br \/>\nBygningsvalpen Rubble og hans dyktige familie jobber sammen og tr\u00e5r til n\u00e5r noe skal bygges! Bli med Rubble og hans spesialbygde bulldozer p\u00e5 arbeid.<\/p>\n","protected":false},"excerpt":{"rendered":"<p>Rubble og resten av valpegjengen m\u00e5 i all hast bygge en ny vaskehall n\u00e5r herr Meister har gjort ugagn p\u00e5 racerbanen. Kan de klare det i tide? Bygningsvalpen Rubble og hans dyktige familie jobber sammen og tr\u00e5r til n\u00e5r noe skal bygges! Bli med Rubble og hans spesialbygde bulldozer p\u00e5 arbeid.<\/p>\n","protected":false},"featured_media":0,"template":"","meta":{"content-type":"","_monsterinsights_skip_tracking":false,"_monsterinsights_sitenote_active":false,"_monsterinsights_sitenote_note":"","_monsterinsights_sitenote_category":0},"product_brand":[],"product_cat":[1698],"product_tag":[],"brand":[],"target-group":[],"discontinued":[],"class_list":{"0":"post-1366558","1":"product","2":"type-product","3":"status-publish","5":"product_cat-eventyr-og-billedboker","7":"first","8":"outofstock","9":"taxable","10":"shipping-taxable","11":"product-type-simple"},"aioseo_notices":[],"_links":{"self":[{"href":"https:\/\/games.tactic.net\/no\/wp-json\/wp\/v2\/product\/1366558","targetHints":{"allow":["GET"]}}],"collection":[{"href":"https:\/\/games.tactic.net\/no\/wp-json\/wp\/v2\/product"}],"about":[{"href":"https:\/\/games.tactic.net\/no\/wp-json\/wp\/v2\/types\/product"}],"wp:attachment":[{"href":"https:\/\/games.tactic.net\/no\/wp-json\/wp\/v2\/media?parent=1366558"}],"wp:term":[{"taxonomy":"product_brand","embeddable":true,"href":"https:\/\/games.tactic.net\/no\/wp-json\/wp\/v2\/product_brand?post=1366558"},{"taxonomy":"product_cat","embeddable":true,"href":"https:\/\/games.tactic.net\/no\/wp-json\/wp\/v2\/product_cat?post=1366558"},{"taxonomy":"product_tag","embeddable":true,"href":"https:\/\/games.tactic.net\/no\/wp-json\/wp\/v2\/product_tag?post=1366558"},{"taxonomy":"brand","embeddable":true,"href":"https:\/\/games.tactic.net\/no\/wp-json\/wp\/v2\/brand?post=1366558"},{"taxonomy":"target-group","embeddable":true,"href":"https:\/\/games.tactic.net\/no\/wp-json\/wp\/v2\/target-group?post=1366558"},{"taxonomy":"discontinued","embeddable":true,"href":"https:\/\/games.tactic.net\/no\/wp-json\/wp\/v2\/discontinued?post=1366558"}],"curies":[{"name":"wp","href":"https:\/\/api.w.org\/{rel}","templated":true}]}}