{"id":1366556,"date":"2025-04-01T09:52:35","date_gmt":"2025-04-01T06:52:35","guid":{"rendered":"https:\/\/games.tactic.net\/tuote\/peppas-puslespillbok-i-dyreparken\/"},"modified":"2025-04-01T09:52:35","modified_gmt":"2025-04-01T06:52:35","slug":"peppas-puslespillbok-i-dyreparken","status":"publish","type":"product","link":"https:\/\/games.tactic.net\/no\/tuote\/peppas-puslespillbok-i-dyreparken\/","title":{"rendered":"PEPPAS PUSLESPILLBOK I DYREPARKEN"},"content":{"rendered":"<p>En bok med puslespill i klare og flotte farger! Bli med n\u00e5r Peppa og Georg mater de rampete apene, f\u00e5r klappe \u00f8glene og n\u00e5r de sier natta til nattdyrene.<br \/>\nHvert av puslespillene har 12 store biter. Dette er en bok som vil bli brukt om og om igjen.<\/p>\n","protected":false},"excerpt":{"rendered":"<p>En bok med puslespill i klare og flotte farger! Bli med n\u00e5r Peppa og Georg mater de rampete apene, f\u00e5r klappe \u00f8glene og n\u00e5r de sier natta til nattdyrene. Hvert av puslespillene har 12 store biter. Dette er en bok som vil bli brukt om og om igjen.<\/p>\n","protected":false},"featured_media":0,"template":"","meta":{"content-type":"","_monsterinsights_skip_tracking":false,"_monsterinsights_sitenote_active":false,"_monsterinsights_sitenote_note":"","_monsterinsights_sitenote_category":0},"product_brand":[],"product_cat":[1698],"product_tag":[],"brand":[],"target-group":[],"discontinued":[],"class_list":{"0":"post-1366556","1":"product","2":"type-product","3":"status-publish","5":"product_cat-eventyr-og-billedboker","7":"first","8":"outofstock","9":"taxable","10":"shipping-taxable","11":"product-type-simple"},"aioseo_notices":[],"_links":{"self":[{"href":"https:\/\/games.tactic.net\/no\/wp-json\/wp\/v2\/product\/1366556","targetHints":{"allow":["GET"]}}],"collection":[{"href":"https:\/\/games.tactic.net\/no\/wp-json\/wp\/v2\/product"}],"about":[{"href":"https:\/\/games.tactic.net\/no\/wp-json\/wp\/v2\/types\/product"}],"wp:attachment":[{"href":"https:\/\/games.tactic.net\/no\/wp-json\/wp\/v2\/media?parent=1366556"}],"wp:term":[{"taxonomy":"product_brand","embeddable":true,"href":"https:\/\/games.tactic.net\/no\/wp-json\/wp\/v2\/product_brand?post=1366556"},{"taxonomy":"product_cat","embeddable":true,"href":"https:\/\/games.tactic.net\/no\/wp-json\/wp\/v2\/product_cat?post=1366556"},{"taxonomy":"product_tag","embeddable":true,"href":"https:\/\/games.tactic.net\/no\/wp-json\/wp\/v2\/product_tag?post=1366556"},{"taxonomy":"brand","embeddable":true,"href":"https:\/\/games.tactic.net\/no\/wp-json\/wp\/v2\/brand?post=1366556"},{"taxonomy":"target-group","embeddable":true,"href":"https:\/\/games.tactic.net\/no\/wp-json\/wp\/v2\/target-group?post=1366556"},{"taxonomy":"discontinued","embeddable":true,"href":"https:\/\/games.tactic.net\/no\/wp-json\/wp\/v2\/discontinued?post=1366556"}],"curies":[{"name":"wp","href":"https:\/\/api.w.org\/{rel}","templated":true}]}}