{"id":1366555,"date":"2025-04-01T09:51:36","date_gmt":"2025-04-01T06:51:36","guid":{"rendered":"https:\/\/games.tactic.net\/tuote\/fantus-mine-forste-ord\/"},"modified":"2025-04-01T09:51:36","modified_gmt":"2025-04-01T06:51:36","slug":"fantus-mine-forste-ord","status":"publish","type":"product","link":"https:\/\/games.tactic.net\/no\/tuote\/fantus-mine-forste-ord\/","title":{"rendered":"FANTUS MINE F\u00d8RSTE ORD"},"content":{"rendered":"<p>Her finner du kjente hverdagssituasjoner fra sm\u00e5barnas hverdag med mer enn 150 hverdagsting som dere kan snakke om, l\u00e6re om og le av \u2013 sammen! Kan du finne bamsen eller koppen? Hva kan du kj\u00f8pe i butikken? Hvor er brannbilen og bussen?<br \/>\nEn fargerik og morsom pekebok i kraftig papp for de aller minste.<\/p>\n","protected":false},"excerpt":{"rendered":"<p>Her finner du kjente hverdagssituasjoner fra sm\u00e5barnas hverdag med mer enn 150 hverdagsting som dere kan snakke om, l\u00e6re om og le av \u2013 sammen! Kan du finne bamsen eller koppen? Hva kan du kj\u00f8pe i butikken? Hvor er brannbilen og bussen? En fargerik og morsom pekebok i kraftig papp for de aller minste.<\/p>\n","protected":false},"featured_media":0,"template":"","meta":{"content-type":"","_monsterinsights_skip_tracking":false,"_monsterinsights_sitenote_active":false,"_monsterinsights_sitenote_note":"","_monsterinsights_sitenote_category":0},"product_brand":[],"product_cat":[1697],"product_tag":[],"brand":[],"target-group":[],"discontinued":[],"class_list":{"0":"post-1366555","1":"product","2":"type-product","3":"status-publish","5":"product_cat-pekeboker","7":"first","8":"outofstock","9":"taxable","10":"shipping-taxable","11":"product-type-simple"},"aioseo_notices":[],"_links":{"self":[{"href":"https:\/\/games.tactic.net\/no\/wp-json\/wp\/v2\/product\/1366555","targetHints":{"allow":["GET"]}}],"collection":[{"href":"https:\/\/games.tactic.net\/no\/wp-json\/wp\/v2\/product"}],"about":[{"href":"https:\/\/games.tactic.net\/no\/wp-json\/wp\/v2\/types\/product"}],"wp:attachment":[{"href":"https:\/\/games.tactic.net\/no\/wp-json\/wp\/v2\/media?parent=1366555"}],"wp:term":[{"taxonomy":"product_brand","embeddable":true,"href":"https:\/\/games.tactic.net\/no\/wp-json\/wp\/v2\/product_brand?post=1366555"},{"taxonomy":"product_cat","embeddable":true,"href":"https:\/\/games.tactic.net\/no\/wp-json\/wp\/v2\/product_cat?post=1366555"},{"taxonomy":"product_tag","embeddable":true,"href":"https:\/\/games.tactic.net\/no\/wp-json\/wp\/v2\/product_tag?post=1366555"},{"taxonomy":"brand","embeddable":true,"href":"https:\/\/games.tactic.net\/no\/wp-json\/wp\/v2\/brand?post=1366555"},{"taxonomy":"target-group","embeddable":true,"href":"https:\/\/games.tactic.net\/no\/wp-json\/wp\/v2\/target-group?post=1366555"},{"taxonomy":"discontinued","embeddable":true,"href":"https:\/\/games.tactic.net\/no\/wp-json\/wp\/v2\/discontinued?post=1366555"}],"curies":[{"name":"wp","href":"https:\/\/api.w.org\/{rel}","templated":true}]}}