{"id":1366537,"date":"2025-03-25T13:09:43","date_gmt":"2025-03-25T11:09:43","guid":{"rendered":"https:\/\/games.tactic.net\/tuote\/save-the-nature-egg-amigos-display-incl-9pcs\/"},"modified":"2025-03-25T13:24:45","modified_gmt":"2025-03-25T11:24:45","slug":"save-the-nature-egg-amigos-display-incl-9pcs","status":"publish","type":"product","link":"https:\/\/games.tactic.net\/no\/tuote\/save-the-nature-egg-amigos-display-incl-9pcs\/","title":{"rendered":"Save the nature Egg Amigos display incl 9pcs"},"content":{"rendered":"<p>Save The Nature Egg Amigos er en serie gledelige p\u00e5skeoverraskelser i form av myke leker! Dette kosete p\u00e5skeegget har en magisk overraskelse \u2013 vil plysjegget ditt klekkes til en overraskelseskylling eller en overraskelseskanin? Med muntre uttrykk og friske v\u00e5rfarger er dette plysjleket\u00f8yet til p\u00e5sken den perfekte gaven til enhver plysjelsker. Dette forvandlende myke leket\u00f8yet bringer moro og spenning til leketiden lenge etter at p\u00e5sken er over!<\/p>\n","protected":false},"excerpt":{"rendered":"<p>Save The Nature Egg Amigos er en serie gledelige p\u00e5skeoverraskelser i form av myke leker! Dette kosete p\u00e5skeegget har en magisk overraskelse \u2013 vil plysjegget ditt klekkes til en overraskelseskylling eller en overraskelseskanin? Med muntre uttrykk og friske v\u00e5rfarger er dette plysjleket\u00f8yet til p\u00e5sken den perfekte gaven til enhver plysjelsker. Dette forvandlende myke leket\u00f8yet bringer [&hellip;]<\/p>\n","protected":false},"featured_media":0,"template":"","meta":{"content-type":"","_monsterinsights_skip_tracking":false,"_monsterinsights_sitenote_active":false,"_monsterinsights_sitenote_note":"","_monsterinsights_sitenote_category":0},"product_brand":[],"product_cat":[2195],"product_tag":[],"brand":[],"target-group":[],"discontinued":[],"class_list":{"0":"post-1366537","1":"product","2":"type-product","3":"status-publish","5":"product_cat-save-the-nature-leker","7":"first","8":"instock","9":"taxable","10":"shipping-taxable","11":"product-type-simple"},"aioseo_notices":[],"_links":{"self":[{"href":"https:\/\/games.tactic.net\/no\/wp-json\/wp\/v2\/product\/1366537","targetHints":{"allow":["GET"]}}],"collection":[{"href":"https:\/\/games.tactic.net\/no\/wp-json\/wp\/v2\/product"}],"about":[{"href":"https:\/\/games.tactic.net\/no\/wp-json\/wp\/v2\/types\/product"}],"wp:attachment":[{"href":"https:\/\/games.tactic.net\/no\/wp-json\/wp\/v2\/media?parent=1366537"}],"wp:term":[{"taxonomy":"product_brand","embeddable":true,"href":"https:\/\/games.tactic.net\/no\/wp-json\/wp\/v2\/product_brand?post=1366537"},{"taxonomy":"product_cat","embeddable":true,"href":"https:\/\/games.tactic.net\/no\/wp-json\/wp\/v2\/product_cat?post=1366537"},{"taxonomy":"product_tag","embeddable":true,"href":"https:\/\/games.tactic.net\/no\/wp-json\/wp\/v2\/product_tag?post=1366537"},{"taxonomy":"brand","embeddable":true,"href":"https:\/\/games.tactic.net\/no\/wp-json\/wp\/v2\/brand?post=1366537"},{"taxonomy":"target-group","embeddable":true,"href":"https:\/\/games.tactic.net\/no\/wp-json\/wp\/v2\/target-group?post=1366537"},{"taxonomy":"discontinued","embeddable":true,"href":"https:\/\/games.tactic.net\/no\/wp-json\/wp\/v2\/discontinued?post=1366537"}],"curies":[{"name":"wp","href":"https:\/\/api.w.org\/{rel}","templated":true}]}}