{"id":1366090,"date":"2025-03-11T17:15:58","date_gmt":"2025-03-11T15:15:58","guid":{"rendered":"https:\/\/games.tactic.net\/tuote\/hot-seat\/"},"modified":"2026-01-13T09:46:38","modified_gmt":"2026-01-13T07:46:38","slug":"hot-seat","status":"publish","type":"product","link":"https:\/\/games.tactic.net\/no\/tuote\/hot-seat\/","title":{"rendered":"Hot Seat"},"content":{"rendered":"<p>Hot Seat er festspillet for familien og som handler om deg. Hvilket dyr er du? Hva er ditt sikre ord? Hva nekter du \u00e5 gj\u00f8re?Enda viktigere &#8211; hva synes vennene dine? Finn ut hvem som tror du er en alpakka&#8230; og hvem som tror det er en regnskapsf\u00f8rer. Er du klar for en runde med Hot Seat?<br \/>\nSlik spiller man: I hver runde bytter spillerne p\u00e5 \u00e5 v\u00e6re i Hot Seat hvor de trekker et kort og stiller et sp\u00f8rsm\u00e5l. f.eks.<br \/>\nHvis jeg kj\u00f8pte min egen \u00f8y, hva ville jeg kalt den? Alle spillere m\u00e5 anonymt svare p\u00e5 sp\u00f8rsm\u00e5let og utgi seg for \u00e5 v\u00e6re<br \/>\nspilleren i Hot Seat. Svarene blir s\u00e5 lest opp, og alle gjetter hvilket svar som er skrevet av spilleren i Hot Seat.<\/p>\n","protected":false},"excerpt":{"rendered":"<p>Hot Seat er festspillet for familien og som handler om deg. Hvilket dyr er du? Hva er ditt sikre ord? Hva nekter du \u00e5 gj\u00f8re?Enda viktigere &#8211; hva synes vennene dine? Finn ut hvem som tror du er en alpakka&#8230; og hvem som tror det er en regnskapsf\u00f8rer. Er du klar for en runde med [&hellip;]<\/p>\n","protected":false},"featured_media":0,"template":"","meta":{"content-type":"","_monsterinsights_skip_tracking":false,"_monsterinsights_sitenote_active":false,"_monsterinsights_sitenote_note":"","_monsterinsights_sitenote_category":0},"product_brand":[],"product_cat":[1661],"product_tag":[],"brand":[],"target-group":[],"discontinued":[],"class_list":{"0":"post-1366090","1":"product","2":"type-product","3":"status-publish","5":"product_cat-selskapsspill-voksenspill","7":"first","8":"instock","9":"taxable","10":"shipping-taxable","11":"product-type-simple"},"aioseo_notices":[],"_links":{"self":[{"href":"https:\/\/games.tactic.net\/no\/wp-json\/wp\/v2\/product\/1366090","targetHints":{"allow":["GET"]}}],"collection":[{"href":"https:\/\/games.tactic.net\/no\/wp-json\/wp\/v2\/product"}],"about":[{"href":"https:\/\/games.tactic.net\/no\/wp-json\/wp\/v2\/types\/product"}],"wp:attachment":[{"href":"https:\/\/games.tactic.net\/no\/wp-json\/wp\/v2\/media?parent=1366090"}],"wp:term":[{"taxonomy":"product_brand","embeddable":true,"href":"https:\/\/games.tactic.net\/no\/wp-json\/wp\/v2\/product_brand?post=1366090"},{"taxonomy":"product_cat","embeddable":true,"href":"https:\/\/games.tactic.net\/no\/wp-json\/wp\/v2\/product_cat?post=1366090"},{"taxonomy":"product_tag","embeddable":true,"href":"https:\/\/games.tactic.net\/no\/wp-json\/wp\/v2\/product_tag?post=1366090"},{"taxonomy":"brand","embeddable":true,"href":"https:\/\/games.tactic.net\/no\/wp-json\/wp\/v2\/brand?post=1366090"},{"taxonomy":"target-group","embeddable":true,"href":"https:\/\/games.tactic.net\/no\/wp-json\/wp\/v2\/target-group?post=1366090"},{"taxonomy":"discontinued","embeddable":true,"href":"https:\/\/games.tactic.net\/no\/wp-json\/wp\/v2\/discontinued?post=1366090"}],"curies":[{"name":"wp","href":"https:\/\/api.w.org\/{rel}","templated":true}]}}