{"id":1366059,"date":"2025-03-07T09:23:39","date_gmt":"2025-03-07T07:23:39","guid":{"rendered":"https:\/\/games.tactic.net\/tuote\/ram-rental-service-with-mini-excavator\/"},"modified":"2025-03-07T09:23:39","modified_gmt":"2025-03-07T07:23:39","slug":"ram-rental-service-with-mini-excavator","status":"publish","type":"product","link":"https:\/\/games.tactic.net\/no\/tuote\/ram-rental-service-with-mini-excavator\/","title":{"rendered":"RAM Rental Service with Mini excavator"},"content":{"rendered":"<p>Den nye RAM Power Wagon med tilhenger og Bruder minigraver er n\u00e5 tilgjengelig! RAM-ens kapasitet og trekkraft er imponerende. Akkurat som den ekte varen har leket\u00f8yet et mannskapsf\u00f8rerhus med fire d\u00f8rer. Alle d\u00f8rer kan \u00e5pnes for \u00e5 romme fire bworld-figurer. Denne modellen i skala 1:16 har fj\u00e6ring p\u00e5 begge aksler for \u00e5 gi kj\u00f8rekomfort og offroad-evne. I denne sammenhengen kan forakselen styres ved hjelp av den medf\u00f8lgende rattforlengeren. Bakluken kan \u00e5pnes for transport av last og lasteomr\u00e5det gir plass til Bruder-paller, pallebur eller halmballer. Den medf\u00f8lgende tilhengeren har st\u00f8tte for bakluken og plattformen kan tiltes via en spak for enkel lasting. Den medf\u00f8lgende BRUDER minigraveren er fullt funksjonell, skuffen er avtakbar og plogbladet er justerbart. Minigraverbommen kan vinkles sideveis. I tillegg kan minigraverens f\u00f8rerhus roteres 360\u00b0 og den er utstyrt med moderne gummibelter.<\/p>\n","protected":false},"excerpt":{"rendered":"<p>Den nye RAM Power Wagon med tilhenger og Bruder minigraver er n\u00e5 tilgjengelig! RAM-ens kapasitet og trekkraft er imponerende. Akkurat som den ekte varen har leket\u00f8yet et mannskapsf\u00f8rerhus med fire d\u00f8rer. Alle d\u00f8rer kan \u00e5pnes for \u00e5 romme fire bworld-figurer. Denne modellen i skala 1:16 har fj\u00e6ring p\u00e5 begge aksler for \u00e5 gi kj\u00f8rekomfort og [&hellip;]<\/p>\n","protected":false},"featured_media":0,"template":"","meta":{"content-type":"","_monsterinsights_skip_tracking":false,"_monsterinsights_sitenote_active":false,"_monsterinsights_sitenote_note":"","_monsterinsights_sitenote_category":0},"product_brand":[],"product_cat":[1705],"product_tag":[],"brand":[],"target-group":[],"discontinued":[],"class_list":{"0":"post-1366059","1":"product","2":"type-product","3":"status-publish","5":"product_cat-bruder-leker","7":"first","8":"outofstock","9":"taxable","10":"shipping-taxable","11":"product-type-simple"},"aioseo_notices":[],"_links":{"self":[{"href":"https:\/\/games.tactic.net\/no\/wp-json\/wp\/v2\/product\/1366059","targetHints":{"allow":["GET"]}}],"collection":[{"href":"https:\/\/games.tactic.net\/no\/wp-json\/wp\/v2\/product"}],"about":[{"href":"https:\/\/games.tactic.net\/no\/wp-json\/wp\/v2\/types\/product"}],"wp:attachment":[{"href":"https:\/\/games.tactic.net\/no\/wp-json\/wp\/v2\/media?parent=1366059"}],"wp:term":[{"taxonomy":"product_brand","embeddable":true,"href":"https:\/\/games.tactic.net\/no\/wp-json\/wp\/v2\/product_brand?post=1366059"},{"taxonomy":"product_cat","embeddable":true,"href":"https:\/\/games.tactic.net\/no\/wp-json\/wp\/v2\/product_cat?post=1366059"},{"taxonomy":"product_tag","embeddable":true,"href":"https:\/\/games.tactic.net\/no\/wp-json\/wp\/v2\/product_tag?post=1366059"},{"taxonomy":"brand","embeddable":true,"href":"https:\/\/games.tactic.net\/no\/wp-json\/wp\/v2\/brand?post=1366059"},{"taxonomy":"target-group","embeddable":true,"href":"https:\/\/games.tactic.net\/no\/wp-json\/wp\/v2\/target-group?post=1366059"},{"taxonomy":"discontinued","embeddable":true,"href":"https:\/\/games.tactic.net\/no\/wp-json\/wp\/v2\/discontinued?post=1366059"}],"curies":[{"name":"wp","href":"https:\/\/api.w.org\/{rel}","templated":true}]}}