{"id":1366058,"date":"2025-03-07T09:08:58","date_gmt":"2025-03-07T07:08:58","guid":{"rendered":"https:\/\/games.tactic.net\/tuote\/bworld-car-service-and-bruder-roadster\/"},"modified":"2025-03-07T09:24:57","modified_gmt":"2025-03-07T07:24:57","slug":"bworld-car-service-and-bruder-roadster","status":"publish","type":"product","link":"https:\/\/games.tactic.net\/no\/tuote\/bworld-car-service-and-bruder-roadster\/","title":{"rendered":"BWorld Car service and BRUDER Roadster"},"content":{"rendered":"<p>Det nye bworld Car Service Center er tilholdsstedet for en rekke BRUDER-kj\u00f8ret\u00f8yer som trenger service. Mekanikeren som er inkludert kan inspisere kj\u00f8ret\u00f8y p\u00e5 den fullstendig h\u00f8ydejusterbare kj\u00f8ret\u00f8yl\u00f8fteren og deretter teste bremsene p\u00e5 det installerte testutstyret. Resultatet vises umiddelbart p\u00e5 skjermen. Mindre reparasjoner kan umiddelbart ivaretas ved bruk av medf\u00f8lgende verkt\u00f8y og dekktrykket kontrolleres i et siste trinn.<\/p>\n<p> BRUDER roadster er inkludert i dette flotte settet. Kj\u00f8ret\u00f8yet er allerede booket inn for service. Reservehjul er ogs\u00e5 inkludert, og takket v\u00e6re roadsterens nye hjulskiftesystem blir dette tatt h\u00e5nd om p\u00e5 et blunk.<\/p>\n","protected":false},"excerpt":{"rendered":"<p>Det nye bworld Car Service Center er tilholdsstedet for en rekke BRUDER-kj\u00f8ret\u00f8yer som trenger service. Mekanikeren som er inkludert kan inspisere kj\u00f8ret\u00f8y p\u00e5 den fullstendig h\u00f8ydejusterbare kj\u00f8ret\u00f8yl\u00f8fteren og deretter teste bremsene p\u00e5 det installerte testutstyret. Resultatet vises umiddelbart p\u00e5 skjermen. Mindre reparasjoner kan umiddelbart ivaretas ved bruk av medf\u00f8lgende verkt\u00f8y og dekktrykket kontrolleres i et [&hellip;]<\/p>\n","protected":false},"featured_media":0,"template":"","meta":{"content-type":"","_monsterinsights_skip_tracking":false,"_monsterinsights_sitenote_active":false,"_monsterinsights_sitenote_note":"","_monsterinsights_sitenote_category":0},"product_brand":[],"product_cat":[1705],"product_tag":[],"brand":[],"target-group":[],"discontinued":[],"class_list":{"0":"post-1366058","1":"product","2":"type-product","3":"status-publish","5":"product_cat-bruder-leker","7":"first","8":"instock","9":"taxable","10":"shipping-taxable","11":"product-type-simple"},"aioseo_notices":[],"_links":{"self":[{"href":"https:\/\/games.tactic.net\/no\/wp-json\/wp\/v2\/product\/1366058","targetHints":{"allow":["GET"]}}],"collection":[{"href":"https:\/\/games.tactic.net\/no\/wp-json\/wp\/v2\/product"}],"about":[{"href":"https:\/\/games.tactic.net\/no\/wp-json\/wp\/v2\/types\/product"}],"wp:attachment":[{"href":"https:\/\/games.tactic.net\/no\/wp-json\/wp\/v2\/media?parent=1366058"}],"wp:term":[{"taxonomy":"product_brand","embeddable":true,"href":"https:\/\/games.tactic.net\/no\/wp-json\/wp\/v2\/product_brand?post=1366058"},{"taxonomy":"product_cat","embeddable":true,"href":"https:\/\/games.tactic.net\/no\/wp-json\/wp\/v2\/product_cat?post=1366058"},{"taxonomy":"product_tag","embeddable":true,"href":"https:\/\/games.tactic.net\/no\/wp-json\/wp\/v2\/product_tag?post=1366058"},{"taxonomy":"brand","embeddable":true,"href":"https:\/\/games.tactic.net\/no\/wp-json\/wp\/v2\/brand?post=1366058"},{"taxonomy":"target-group","embeddable":true,"href":"https:\/\/games.tactic.net\/no\/wp-json\/wp\/v2\/target-group?post=1366058"},{"taxonomy":"discontinued","embeddable":true,"href":"https:\/\/games.tactic.net\/no\/wp-json\/wp\/v2\/discontinued?post=1366058"}],"curies":[{"name":"wp","href":"https:\/\/api.w.org\/{rel}","templated":true}]}}