{"id":1366057,"date":"2025-03-07T09:08:49","date_gmt":"2025-03-07T07:08:49","guid":{"rendered":"https:\/\/games.tactic.net\/tuote\/roadmax-tractor-with-forestry-trailer-and-3-trunks\/"},"modified":"2025-03-07T09:24:15","modified_gmt":"2025-03-07T07:24:15","slug":"roadmax-tractor-with-forestry-trailer-and-3-trunks","status":"publish","type":"product","link":"https:\/\/games.tactic.net\/no\/tuote\/roadmax-tractor-with-forestry-trailer-and-3-trunks\/","title":{"rendered":"ROADMAX Tractor with Forestry trailer and 3 trunks"},"content":{"rendered":"<p>ROADMAX-traktoren med skogstilhenger og trestammer er designet for barn fra 2 \u00e5r og oppover. Modellen har et detaljert f\u00f8rerhus og store, solide dekk. For enda mer moro er en fungerende henger med tre vedkubber og et vippbart lasteomr\u00e5de inkludert.<\/p>\n","protected":false},"excerpt":{"rendered":"<p>ROADMAX-traktoren med skogstilhenger og trestammer er designet for barn fra 2 \u00e5r og oppover. Modellen har et detaljert f\u00f8rerhus og store, solide dekk. For enda mer moro er en fungerende henger med tre vedkubber og et vippbart lasteomr\u00e5de inkludert.<\/p>\n","protected":false},"featured_media":0,"template":"","meta":{"content-type":"","_monsterinsights_skip_tracking":false,"_monsterinsights_sitenote_active":false,"_monsterinsights_sitenote_note":"","_monsterinsights_sitenote_category":0},"product_brand":[],"product_cat":[1705],"product_tag":[],"brand":[],"target-group":[],"discontinued":[],"class_list":{"0":"post-1366057","1":"product","2":"type-product","3":"status-publish","5":"product_cat-bruder-leker","7":"first","8":"instock","9":"taxable","10":"shipping-taxable","11":"product-type-simple"},"aioseo_notices":[],"_links":{"self":[{"href":"https:\/\/games.tactic.net\/no\/wp-json\/wp\/v2\/product\/1366057","targetHints":{"allow":["GET"]}}],"collection":[{"href":"https:\/\/games.tactic.net\/no\/wp-json\/wp\/v2\/product"}],"about":[{"href":"https:\/\/games.tactic.net\/no\/wp-json\/wp\/v2\/types\/product"}],"wp:attachment":[{"href":"https:\/\/games.tactic.net\/no\/wp-json\/wp\/v2\/media?parent=1366057"}],"wp:term":[{"taxonomy":"product_brand","embeddable":true,"href":"https:\/\/games.tactic.net\/no\/wp-json\/wp\/v2\/product_brand?post=1366057"},{"taxonomy":"product_cat","embeddable":true,"href":"https:\/\/games.tactic.net\/no\/wp-json\/wp\/v2\/product_cat?post=1366057"},{"taxonomy":"product_tag","embeddable":true,"href":"https:\/\/games.tactic.net\/no\/wp-json\/wp\/v2\/product_tag?post=1366057"},{"taxonomy":"brand","embeddable":true,"href":"https:\/\/games.tactic.net\/no\/wp-json\/wp\/v2\/brand?post=1366057"},{"taxonomy":"target-group","embeddable":true,"href":"https:\/\/games.tactic.net\/no\/wp-json\/wp\/v2\/target-group?post=1366057"},{"taxonomy":"discontinued","embeddable":true,"href":"https:\/\/games.tactic.net\/no\/wp-json\/wp\/v2\/discontinued?post=1366057"}],"curies":[{"name":"wp","href":"https:\/\/api.w.org\/{rel}","templated":true}]}}