{"id":1366056,"date":"2025-03-07T09:08:40","date_gmt":"2025-03-07T07:08:40","guid":{"rendered":"https:\/\/games.tactic.net\/tuote\/claas-axion-950-with-snow-chains-and-plow-blade\/"},"modified":"2025-03-07T09:25:20","modified_gmt":"2025-03-07T07:25:20","slug":"claas-axion-950-with-snow-chains-and-plow-blade","status":"publish","type":"product","link":"https:\/\/games.tactic.net\/no\/tuote\/claas-axion-950-with-snow-chains-and-plow-blade\/","title":{"rendered":"Claas Axion 950 with snow chains and plow blade"},"content":{"rendered":"<p>Forberedt for vinteren! Axion 950 har omfattende innovasjoner innen funksjon, kontroller og utgang. I kombinasjon med de nye BRUDER-sn\u00f8kjettingene for ekstra godt grep p\u00e5 is og sn\u00f8, og det h\u00f8ydejusterbare og svingbare br\u00f8ytebladet, blir det en lek \u00e5 rydde selv store mengder sn\u00f8 fra veiene. F\u00f8rerhuset er helglass og d\u00f8rer samt panser kan \u00e5pnes for \u00e5 gi den realistiske f\u00f8lelsen n\u00e5r du leker. Styreforlengelsen gj\u00f8r det enkelt \u00e5 styre traktoren fra utsiden. Kj\u00f8ret\u00f8yet er kompatibelt med alle tilhengere i Professional-serien takket v\u00e6re den justerbare bakkoblingen.<\/p>\n","protected":false},"excerpt":{"rendered":"<p>Forberedt for vinteren! Axion 950 har omfattende innovasjoner innen funksjon, kontroller og utgang. I kombinasjon med de nye BRUDER-sn\u00f8kjettingene for ekstra godt grep p\u00e5 is og sn\u00f8, og det h\u00f8ydejusterbare og svingbare br\u00f8ytebladet, blir det en lek \u00e5 rydde selv store mengder sn\u00f8 fra veiene. F\u00f8rerhuset er helglass og d\u00f8rer samt panser kan \u00e5pnes for [&hellip;]<\/p>\n","protected":false},"featured_media":0,"template":"","meta":{"content-type":"","_monsterinsights_skip_tracking":false,"_monsterinsights_sitenote_active":false,"_monsterinsights_sitenote_note":"","_monsterinsights_sitenote_category":0},"product_brand":[],"product_cat":[1705],"product_tag":[],"brand":[],"target-group":[],"discontinued":[],"class_list":{"0":"post-1366056","1":"product","2":"type-product","3":"status-publish","5":"product_cat-bruder-leker","7":"first","8":"outofstock","9":"taxable","10":"shipping-taxable","11":"product-type-simple"},"aioseo_notices":[],"_links":{"self":[{"href":"https:\/\/games.tactic.net\/no\/wp-json\/wp\/v2\/product\/1366056","targetHints":{"allow":["GET"]}}],"collection":[{"href":"https:\/\/games.tactic.net\/no\/wp-json\/wp\/v2\/product"}],"about":[{"href":"https:\/\/games.tactic.net\/no\/wp-json\/wp\/v2\/types\/product"}],"wp:attachment":[{"href":"https:\/\/games.tactic.net\/no\/wp-json\/wp\/v2\/media?parent=1366056"}],"wp:term":[{"taxonomy":"product_brand","embeddable":true,"href":"https:\/\/games.tactic.net\/no\/wp-json\/wp\/v2\/product_brand?post=1366056"},{"taxonomy":"product_cat","embeddable":true,"href":"https:\/\/games.tactic.net\/no\/wp-json\/wp\/v2\/product_cat?post=1366056"},{"taxonomy":"product_tag","embeddable":true,"href":"https:\/\/games.tactic.net\/no\/wp-json\/wp\/v2\/product_tag?post=1366056"},{"taxonomy":"brand","embeddable":true,"href":"https:\/\/games.tactic.net\/no\/wp-json\/wp\/v2\/brand?post=1366056"},{"taxonomy":"target-group","embeddable":true,"href":"https:\/\/games.tactic.net\/no\/wp-json\/wp\/v2\/target-group?post=1366056"},{"taxonomy":"discontinued","embeddable":true,"href":"https:\/\/games.tactic.net\/no\/wp-json\/wp\/v2\/discontinued?post=1366056"}],"curies":[{"name":"wp","href":"https:\/\/api.w.org\/{rel}","templated":true}]}}