{"id":1366055,"date":"2025-03-07T09:08:31","date_gmt":"2025-03-07T07:08:31","guid":{"rendered":"https:\/\/games.tactic.net\/tuote\/mb-sprinter-camper-with-driver-and-accessory\/"},"modified":"2025-03-07T09:24:36","modified_gmt":"2025-03-07T07:24:36","slug":"mb-sprinter-camper-with-driver-and-accessory","status":"publish","type":"product","link":"https:\/\/games.tactic.net\/no\/tuote\/mb-sprinter-camper-with-driver-and-accessory\/","title":{"rendered":"MB Sprinter Camper with driver and accessory"},"content":{"rendered":"<p>Camping er absolutt en trend. Dette spennende fritidstemaet kan n\u00e5 oppleves av unge campere med BRUDER. Den nye MB Sprinter er ogs\u00e5 ekstremt vellykket som basismodell for bobiler. BRUDER-versjonen av den nye MB Sprinter-camperen har et imponerende detaljniv\u00e5 og allsidighet. D\u00f8ren til f\u00f8rerhuset og bakd\u00f8rene kan \u00e5pnes. Her har den medf\u00f8lgende bworld-figuren tilgang til integrert dobbeltseng og stort oppbevaringsrom. Et spesielt h\u00f8ydepunkt er den nyutviklede skyved\u00f8ren p\u00e5 passasjersiden, som gir tilgang til kj\u00f8kkenenheten. Campingbilen har et uttrekkbart fortelt for solfylte dager, samt stilige campingm\u00f8bler og servise.<\/p>\n","protected":false},"excerpt":{"rendered":"<p>Camping er absolutt en trend. Dette spennende fritidstemaet kan n\u00e5 oppleves av unge campere med BRUDER. Den nye MB Sprinter er ogs\u00e5 ekstremt vellykket som basismodell for bobiler. BRUDER-versjonen av den nye MB Sprinter-camperen har et imponerende detaljniv\u00e5 og allsidighet. D\u00f8ren til f\u00f8rerhuset og bakd\u00f8rene kan \u00e5pnes. Her har den medf\u00f8lgende bworld-figuren tilgang til integrert [&hellip;]<\/p>\n","protected":false},"featured_media":0,"template":"","meta":{"content-type":"","_monsterinsights_skip_tracking":false,"_monsterinsights_sitenote_active":false,"_monsterinsights_sitenote_note":"","_monsterinsights_sitenote_category":0},"product_brand":[],"product_cat":[1705],"product_tag":[],"brand":[],"target-group":[],"discontinued":[],"class_list":{"0":"post-1366055","1":"product","2":"type-product","3":"status-publish","5":"product_cat-bruder-leker","7":"first","8":"instock","9":"taxable","10":"shipping-taxable","11":"product-type-simple"},"aioseo_notices":[],"_links":{"self":[{"href":"https:\/\/games.tactic.net\/no\/wp-json\/wp\/v2\/product\/1366055","targetHints":{"allow":["GET"]}}],"collection":[{"href":"https:\/\/games.tactic.net\/no\/wp-json\/wp\/v2\/product"}],"about":[{"href":"https:\/\/games.tactic.net\/no\/wp-json\/wp\/v2\/types\/product"}],"wp:attachment":[{"href":"https:\/\/games.tactic.net\/no\/wp-json\/wp\/v2\/media?parent=1366055"}],"wp:term":[{"taxonomy":"product_brand","embeddable":true,"href":"https:\/\/games.tactic.net\/no\/wp-json\/wp\/v2\/product_brand?post=1366055"},{"taxonomy":"product_cat","embeddable":true,"href":"https:\/\/games.tactic.net\/no\/wp-json\/wp\/v2\/product_cat?post=1366055"},{"taxonomy":"product_tag","embeddable":true,"href":"https:\/\/games.tactic.net\/no\/wp-json\/wp\/v2\/product_tag?post=1366055"},{"taxonomy":"brand","embeddable":true,"href":"https:\/\/games.tactic.net\/no\/wp-json\/wp\/v2\/brand?post=1366055"},{"taxonomy":"target-group","embeddable":true,"href":"https:\/\/games.tactic.net\/no\/wp-json\/wp\/v2\/target-group?post=1366055"},{"taxonomy":"discontinued","embeddable":true,"href":"https:\/\/games.tactic.net\/no\/wp-json\/wp\/v2\/discontinued?post=1366055"}],"curies":[{"name":"wp","href":"https:\/\/api.w.org\/{rel}","templated":true}]}}