{"id":1365683,"date":"2025-02-10T19:17:28","date_gmt":"2025-02-10T17:17:28","guid":{"rendered":"https:\/\/games.tactic.net\/tuote\/plasto-snow-sleigh-85-cm-turquoise\/"},"modified":"2025-03-17T13:26:36","modified_gmt":"2025-03-17T11:26:36","slug":"plasto-snow-sleigh-85-cm-turquoise","status":"publish","type":"product","link":"https:\/\/games.tactic.net\/no\/tuote\/plasto-snow-sleigh-85-cm-turquoise\/","title":{"rendered":"PLASTO Snow sleigh, 85 cm, Turquoise"},"content":{"rendered":"<p>Slitesterk og h\u00f8ykvalitets Plasto akebrett. Lengde p\u00e5 akebrettet: 86 cm. Ekstra langt tau. Anbefalt alder: 3 \u00e5r+. Laget i Finland.<\/p>\n","protected":false},"excerpt":{"rendered":"<p>Slitesterk og h\u00f8ykvalitets Plasto akebrett. Lengde p\u00e5 akebrettet: 86 cm. Ekstra langt tau. Anbefalt alder: 3 \u00e5r+. Laget i Finland.<\/p>\n","protected":false},"featured_media":0,"template":"","meta":{"content-type":"","_monsterinsights_skip_tracking":false,"_monsterinsights_sitenote_active":false,"_monsterinsights_sitenote_note":"","_monsterinsights_sitenote_category":0},"product_brand":[],"product_cat":[2306],"product_tag":[],"brand":[{"id":2316,"name":"Plasto","slug":"plasto-4"}],"target-group":[],"discontinued":[],"class_list":{"0":"post-1365683","1":"product","2":"type-product","3":"status-publish","5":"product_cat-plasto-leker","6":"brand-plasto-4","8":"first","9":"instock","10":"taxable","11":"shipping-taxable","12":"product-type-simple"},"aioseo_notices":[],"_links":{"self":[{"href":"https:\/\/games.tactic.net\/no\/wp-json\/wp\/v2\/product\/1365683","targetHints":{"allow":["GET"]}}],"collection":[{"href":"https:\/\/games.tactic.net\/no\/wp-json\/wp\/v2\/product"}],"about":[{"href":"https:\/\/games.tactic.net\/no\/wp-json\/wp\/v2\/types\/product"}],"wp:attachment":[{"href":"https:\/\/games.tactic.net\/no\/wp-json\/wp\/v2\/media?parent=1365683"}],"wp:term":[{"taxonomy":"product_brand","embeddable":true,"href":"https:\/\/games.tactic.net\/no\/wp-json\/wp\/v2\/product_brand?post=1365683"},{"taxonomy":"product_cat","embeddable":true,"href":"https:\/\/games.tactic.net\/no\/wp-json\/wp\/v2\/product_cat?post=1365683"},{"taxonomy":"product_tag","embeddable":true,"href":"https:\/\/games.tactic.net\/no\/wp-json\/wp\/v2\/product_tag?post=1365683"},{"taxonomy":"brand","embeddable":true,"href":"https:\/\/games.tactic.net\/no\/wp-json\/wp\/v2\/brand?post=1365683"},{"taxonomy":"target-group","embeddable":true,"href":"https:\/\/games.tactic.net\/no\/wp-json\/wp\/v2\/target-group?post=1365683"},{"taxonomy":"discontinued","embeddable":true,"href":"https:\/\/games.tactic.net\/no\/wp-json\/wp\/v2\/discontinued?post=1365683"}],"curies":[{"name":"wp","href":"https:\/\/api.w.org\/{rel}","templated":true}]}}