{"id":1365670,"date":"2025-02-10T09:15:25","date_gmt":"2025-02-10T07:15:25","guid":{"rendered":"https:\/\/games.tactic.net\/tuote\/tactic-sok-og-finn-lekene\/"},"modified":"2025-10-07T10:40:13","modified_gmt":"2025-10-07T07:40:13","slug":"tactic-sok-og-finn-lekene","status":"publish","type":"product","link":"https:\/\/games.tactic.net\/no\/tuote\/tactic-sok-og-finn-lekene\/","title":{"rendered":"Tactic S\u00f8k og finn Lekene"},"content":{"rendered":"<p>N\u00e5 leker vi! Etter timevis med morsom lek er det veldig rotete p\u00e5 lekerommet. Noen m\u00e5 finne lekene som har blitt borte. Snu et kort med bilde av en leke, finn leken raskt p\u00e5 spillebrettet, og f\u00e5 en flott leket\u00f8y-brikke i tre. Hvilke leker klarer du \u00e5 f\u00e5 \u00f8ye p\u00e5? Vinneren er den som finner flest leker! S\u00f8k og finn lekene lar barna bruke observasjonsevnen i et morsomt spill om \u00e5 finne de riktige lekene!<\/p>\n<p><img decoding=\"async\" src=\"https:\\\\\\\\games.tactic.net\\\\pic\\\\logo\\\\Awarded_concept.png\"><\/p>\n","protected":false},"excerpt":{"rendered":"<p>N\u00e5 leker vi! Etter timevis med morsom lek er det veldig rotete p\u00e5 lekerommet. Noen m\u00e5 finne lekene som har blitt borte. Snu et kort med bilde av en leke, finn leken raskt p\u00e5 spillebrettet, og f\u00e5 en flott leket\u00f8y-brikke i tre. Hvilke leker klarer du \u00e5 f\u00e5 \u00f8ye p\u00e5? Vinneren er den som finner [&hellip;]<\/p>\n","protected":false},"featured_media":0,"template":"","meta":{"content-type":"","_monsterinsights_skip_tracking":false,"_monsterinsights_sitenote_active":false,"_monsterinsights_sitenote_note":"","_monsterinsights_sitenote_category":0},"product_brand":[],"product_cat":[1649],"product_tag":[318,1233],"brand":[],"target-group":[],"discontinued":[],"class_list":{"0":"post-1365670","1":"product","2":"type-product","3":"status-publish","5":"product_cat-barnespill-barnespill","6":"product_tag-hastighet","7":"product_tag-kombinere-no","9":"first","10":"instock","11":"taxable","12":"shipping-taxable","13":"product-type-simple"},"aioseo_notices":[],"_links":{"self":[{"href":"https:\/\/games.tactic.net\/no\/wp-json\/wp\/v2\/product\/1365670","targetHints":{"allow":["GET"]}}],"collection":[{"href":"https:\/\/games.tactic.net\/no\/wp-json\/wp\/v2\/product"}],"about":[{"href":"https:\/\/games.tactic.net\/no\/wp-json\/wp\/v2\/types\/product"}],"wp:attachment":[{"href":"https:\/\/games.tactic.net\/no\/wp-json\/wp\/v2\/media?parent=1365670"}],"wp:term":[{"taxonomy":"product_brand","embeddable":true,"href":"https:\/\/games.tactic.net\/no\/wp-json\/wp\/v2\/product_brand?post=1365670"},{"taxonomy":"product_cat","embeddable":true,"href":"https:\/\/games.tactic.net\/no\/wp-json\/wp\/v2\/product_cat?post=1365670"},{"taxonomy":"product_tag","embeddable":true,"href":"https:\/\/games.tactic.net\/no\/wp-json\/wp\/v2\/product_tag?post=1365670"},{"taxonomy":"brand","embeddable":true,"href":"https:\/\/games.tactic.net\/no\/wp-json\/wp\/v2\/brand?post=1365670"},{"taxonomy":"target-group","embeddable":true,"href":"https:\/\/games.tactic.net\/no\/wp-json\/wp\/v2\/target-group?post=1365670"},{"taxonomy":"discontinued","embeddable":true,"href":"https:\/\/games.tactic.net\/no\/wp-json\/wp\/v2\/discontinued?post=1365670"}],"curies":[{"name":"wp","href":"https:\/\/api.w.org\/{rel}","templated":true}]}}