{"id":1365599,"date":"2025-02-06T15:17:24","date_gmt":"2025-02-06T13:17:24","guid":{"rendered":"https:\/\/games.tactic.net\/tuote\/deutz-8280-ttv-tractor-with-frontloader-toy\/"},"modified":"2025-02-06T15:17:24","modified_gmt":"2025-02-06T13:17:24","slug":"deutz-8280-ttv-tractor-with-frontloader-toy","status":"publish","type":"product","link":"https:\/\/games.tactic.net\/no\/tuote\/deutz-8280-ttv-tractor-with-frontloader-toy\/","title":{"rendered":"Deutz 8280 TTV tractor with frontloader toy"},"content":{"rendered":"<p>N\u00e5r det gjelder design, funksjonalitet og kvalitet, er den nye 1:16-modellen fra Bruder p\u00e5 ingen m\u00e5te d\u00e5rligere enn originalen, tro mot formen \u2013 akkurat som den ekte varen. F\u00f8rerhuset er helglass og d\u00f8rene er enkle \u00e5 \u00e5pne. Den hengslede panseret gir utsikt over motoren. Enkel styring oppn\u00e5s med den innebygde pendelakselen og styreforlengelsen, som kan stikkes inn gjennom soltaket. For enda mer lekeverdi kommer denne modellen med en fullt funksjonell frontlaster. Takket v\u00e6re den h\u00f8ydejusterbare bakkoblingen kan alle tilhengere i proffserien brukes. De nye, avtakbare hjulene er montert for enda mer moro.<\/p>\n","protected":false},"excerpt":{"rendered":"<p>N\u00e5r det gjelder design, funksjonalitet og kvalitet, er den nye 1:16-modellen fra Bruder p\u00e5 ingen m\u00e5te d\u00e5rligere enn originalen, tro mot formen \u2013 akkurat som den ekte varen. F\u00f8rerhuset er helglass og d\u00f8rene er enkle \u00e5 \u00e5pne. Den hengslede panseret gir utsikt over motoren. Enkel styring oppn\u00e5s med den innebygde pendelakselen og styreforlengelsen, som kan [&hellip;]<\/p>\n","protected":false},"featured_media":0,"template":"","meta":{"content-type":"","_monsterinsights_skip_tracking":false,"_monsterinsights_sitenote_active":false,"_monsterinsights_sitenote_note":"","_monsterinsights_sitenote_category":0},"product_brand":[],"product_cat":[1705],"product_tag":[],"brand":[],"target-group":[],"discontinued":[],"class_list":{"0":"post-1365599","1":"product","2":"type-product","3":"status-publish","5":"product_cat-bruder-leker","7":"first","8":"instock","9":"taxable","10":"shipping-taxable","11":"product-type-simple"},"aioseo_notices":[],"_links":{"self":[{"href":"https:\/\/games.tactic.net\/no\/wp-json\/wp\/v2\/product\/1365599","targetHints":{"allow":["GET"]}}],"collection":[{"href":"https:\/\/games.tactic.net\/no\/wp-json\/wp\/v2\/product"}],"about":[{"href":"https:\/\/games.tactic.net\/no\/wp-json\/wp\/v2\/types\/product"}],"wp:attachment":[{"href":"https:\/\/games.tactic.net\/no\/wp-json\/wp\/v2\/media?parent=1365599"}],"wp:term":[{"taxonomy":"product_brand","embeddable":true,"href":"https:\/\/games.tactic.net\/no\/wp-json\/wp\/v2\/product_brand?post=1365599"},{"taxonomy":"product_cat","embeddable":true,"href":"https:\/\/games.tactic.net\/no\/wp-json\/wp\/v2\/product_cat?post=1365599"},{"taxonomy":"product_tag","embeddable":true,"href":"https:\/\/games.tactic.net\/no\/wp-json\/wp\/v2\/product_tag?post=1365599"},{"taxonomy":"brand","embeddable":true,"href":"https:\/\/games.tactic.net\/no\/wp-json\/wp\/v2\/brand?post=1365599"},{"taxonomy":"target-group","embeddable":true,"href":"https:\/\/games.tactic.net\/no\/wp-json\/wp\/v2\/target-group?post=1365599"},{"taxonomy":"discontinued","embeddable":true,"href":"https:\/\/games.tactic.net\/no\/wp-json\/wp\/v2\/discontinued?post=1365599"}],"curies":[{"name":"wp","href":"https:\/\/api.w.org\/{rel}","templated":true}]}}