{"id":1365555,"date":"2025-02-04T16:16:22","date_gmt":"2025-02-04T14:16:22","guid":{"rendered":"https:\/\/games.tactic.net\/tuote\/vi-laerer-oss-var-fantastiske-kropp\/"},"modified":"2025-10-07T10:45:42","modified_gmt":"2025-10-07T07:45:42","slug":"vi-laerer-oss-var-fantastiske-kropp","status":"publish","type":"product","link":"https:\/\/games.tactic.net\/no\/tuote\/vi-laerer-oss-var-fantastiske-kropp\/","title":{"rendered":"Vi l\u00e6rer oss- V\u00e5r fantastiske kropp"},"content":{"rendered":"<p>Vi skal p\u00e5 en fascinerende reise gjennom menneskekroppen! Den som f\u00f8rst kommer i m\u00e5l, blir lege! Flytt figuren din p\u00e5 spillebrettet, svar p\u00e5 morsomme sp\u00f8rsm\u00e5l om hvordan menneskekroppen virker, og pr\u00f8v deg p\u00e5 forskjellige bevegelser selv. N\u00e5r du klarer en oppgave, kommer du videre p\u00e5 veien til \u00e5 bli lege, men de andre spillerne pr\u00f8ver \u00e5 v\u00e6re enda raskere enn deg!<\/p>\n<p><img decoding=\"async\" src=\"https:\\\\\\\\games.tactic.net\\\\pic\\\\logo\\\\Awarded_concept.png\"><\/p>\n","protected":false},"excerpt":{"rendered":"<p>Vi skal p\u00e5 en fascinerende reise gjennom menneskekroppen! Den som f\u00f8rst kommer i m\u00e5l, blir lege! Flytt figuren din p\u00e5 spillebrettet, svar p\u00e5 morsomme sp\u00f8rsm\u00e5l om hvordan menneskekroppen virker, og pr\u00f8v deg p\u00e5 forskjellige bevegelser selv. N\u00e5r du klarer en oppgave, kommer du videre p\u00e5 veien til \u00e5 bli lege, men de andre spillerne pr\u00f8ver [&hellip;]<\/p>\n","protected":false},"featured_media":0,"template":"","meta":{"content-type":"","_monsterinsights_skip_tracking":false,"_monsterinsights_sitenote_active":false,"_monsterinsights_sitenote_note":"","_monsterinsights_sitenote_category":0},"product_brand":[],"product_cat":[1649,1663],"product_tag":[1233,1255],"brand":[{"id":861,"name":"Let's Learn","slug":"letslearn-no"}],"target-group":[],"discontinued":[],"class_list":{"0":"post-1365555","1":"product","2":"type-product","3":"status-publish","5":"product_cat-barnespill-barnespill","6":"product_cat-laerespill","7":"product_tag-kombinere-no","8":"product_tag-pedagogisk-no","9":"brand-letslearn-no","11":"first","12":"instock","13":"taxable","14":"shipping-taxable","15":"product-type-simple"},"aioseo_notices":[],"_links":{"self":[{"href":"https:\/\/games.tactic.net\/no\/wp-json\/wp\/v2\/product\/1365555","targetHints":{"allow":["GET"]}}],"collection":[{"href":"https:\/\/games.tactic.net\/no\/wp-json\/wp\/v2\/product"}],"about":[{"href":"https:\/\/games.tactic.net\/no\/wp-json\/wp\/v2\/types\/product"}],"wp:attachment":[{"href":"https:\/\/games.tactic.net\/no\/wp-json\/wp\/v2\/media?parent=1365555"}],"wp:term":[{"taxonomy":"product_brand","embeddable":true,"href":"https:\/\/games.tactic.net\/no\/wp-json\/wp\/v2\/product_brand?post=1365555"},{"taxonomy":"product_cat","embeddable":true,"href":"https:\/\/games.tactic.net\/no\/wp-json\/wp\/v2\/product_cat?post=1365555"},{"taxonomy":"product_tag","embeddable":true,"href":"https:\/\/games.tactic.net\/no\/wp-json\/wp\/v2\/product_tag?post=1365555"},{"taxonomy":"brand","embeddable":true,"href":"https:\/\/games.tactic.net\/no\/wp-json\/wp\/v2\/brand?post=1365555"},{"taxonomy":"target-group","embeddable":true,"href":"https:\/\/games.tactic.net\/no\/wp-json\/wp\/v2\/target-group?post=1365555"},{"taxonomy":"discontinued","embeddable":true,"href":"https:\/\/games.tactic.net\/no\/wp-json\/wp\/v2\/discontinued?post=1365555"}],"curies":[{"name":"wp","href":"https:\/\/api.w.org\/{rel}","templated":true}]}}