{"id":1364629,"date":"2025-01-20T12:11:52","date_gmt":"2025-01-20T10:11:52","guid":{"rendered":"https:\/\/games.tactic.net\/tuote\/plasto-baby-swing-with-ropes-assort\/"},"modified":"2025-01-20T12:11:52","modified_gmt":"2025-01-20T10:11:52","slug":"plasto-baby-swing-with-ropes-assort","status":"publish","type":"product","link":"https:\/\/games.tactic.net\/no\/tuote\/plasto-baby-swing-with-ropes-assort\/","title":{"rendered":"PLASTO Baby swing with ropes assort."},"content":{"rendered":"<p>En trygg Plasto babyhuske for innend\u00f8rs og utend\u00f8rs bruk. H\u00f8yde: 26 cm. Bredde: 35 cm. Maksimal vekt: 30 kg. Anbefalt alder: 10 mnd+. Laget i Finland.<\/p>\n","protected":false},"excerpt":{"rendered":"<p>En trygg Plasto babyhuske for innend\u00f8rs og utend\u00f8rs bruk. H\u00f8yde: 26 cm. Bredde: 35 cm. Maksimal vekt: 30 kg. Anbefalt alder: 10 mnd+. Laget i Finland.<\/p>\n","protected":false},"featured_media":0,"template":"","meta":{"content-type":"","_monsterinsights_skip_tracking":false,"_monsterinsights_sitenote_active":false,"_monsterinsights_sitenote_note":"","_monsterinsights_sitenote_category":0},"product_brand":[],"product_cat":[2306],"product_tag":[],"brand":[],"target-group":[],"discontinued":[],"class_list":{"0":"post-1364629","1":"product","2":"type-product","3":"status-publish","5":"product_cat-plasto-leker","7":"first","8":"instock","9":"taxable","10":"shipping-taxable","11":"product-type-simple"},"aioseo_notices":[],"_links":{"self":[{"href":"https:\/\/games.tactic.net\/no\/wp-json\/wp\/v2\/product\/1364629","targetHints":{"allow":["GET"]}}],"collection":[{"href":"https:\/\/games.tactic.net\/no\/wp-json\/wp\/v2\/product"}],"about":[{"href":"https:\/\/games.tactic.net\/no\/wp-json\/wp\/v2\/types\/product"}],"wp:attachment":[{"href":"https:\/\/games.tactic.net\/no\/wp-json\/wp\/v2\/media?parent=1364629"}],"wp:term":[{"taxonomy":"product_brand","embeddable":true,"href":"https:\/\/games.tactic.net\/no\/wp-json\/wp\/v2\/product_brand?post=1364629"},{"taxonomy":"product_cat","embeddable":true,"href":"https:\/\/games.tactic.net\/no\/wp-json\/wp\/v2\/product_cat?post=1364629"},{"taxonomy":"product_tag","embeddable":true,"href":"https:\/\/games.tactic.net\/no\/wp-json\/wp\/v2\/product_tag?post=1364629"},{"taxonomy":"brand","embeddable":true,"href":"https:\/\/games.tactic.net\/no\/wp-json\/wp\/v2\/brand?post=1364629"},{"taxonomy":"target-group","embeddable":true,"href":"https:\/\/games.tactic.net\/no\/wp-json\/wp\/v2\/target-group?post=1364629"},{"taxonomy":"discontinued","embeddable":true,"href":"https:\/\/games.tactic.net\/no\/wp-json\/wp\/v2\/discontinued?post=1364629"}],"curies":[{"name":"wp","href":"https:\/\/api.w.org\/{rel}","templated":true}]}}