{"id":1364610,"date":"2025-01-20T11:12:50","date_gmt":"2025-01-20T09:12:50","guid":{"rendered":"https:\/\/games.tactic.net\/tuote\/plasto-wheelbarrow-set-assort\/"},"modified":"2025-03-17T13:22:15","modified_gmt":"2025-03-17T11:22:15","slug":"plasto-wheelbarrow-set-assort","status":"publish","type":"product","link":"https:\/\/games.tactic.net\/no\/tuote\/plasto-wheelbarrow-set-assort\/","title":{"rendered":"PLASTO Wheelbarrow set assort."},"content":{"rendered":"<p>For hagearbeid! H\u00f8ykvalitets Plasto trilleb\u00e5rsett inkluderer trilleb\u00e5r, b\u00f8tte, spade og tre sandformer. Lengde p\u00e5 trilleb\u00e5r: 56 cm. H\u00f8yde: 25 cm. Volum p\u00e5 b\u00f8tte: 1,2 liter. Lengde p\u00e5 spade: 25 cm. Anbefalt alder: 1+. Laget i Finland.<\/p>\n","protected":false},"excerpt":{"rendered":"<p>For hagearbeid! H\u00f8ykvalitets Plasto trilleb\u00e5rsett inkluderer trilleb\u00e5r, b\u00f8tte, spade og tre sandformer. Lengde p\u00e5 trilleb\u00e5r: 56 cm. H\u00f8yde: 25 cm. Volum p\u00e5 b\u00f8tte: 1,2 liter. Lengde p\u00e5 spade: 25 cm. Anbefalt alder: 1+. Laget i Finland.<\/p>\n","protected":false},"featured_media":0,"template":"","meta":{"content-type":"","_monsterinsights_skip_tracking":false,"_monsterinsights_sitenote_active":false,"_monsterinsights_sitenote_note":"","_monsterinsights_sitenote_category":0},"product_brand":[],"product_cat":[2306],"product_tag":[],"brand":[{"id":2316,"name":"Plasto","slug":"plasto-4"}],"target-group":[],"discontinued":[],"class_list":{"0":"post-1364610","1":"product","2":"type-product","3":"status-publish","5":"product_cat-plasto-leker","6":"brand-plasto-4","8":"first","9":"instock","10":"taxable","11":"shipping-taxable","12":"product-type-simple"},"aioseo_notices":[],"_links":{"self":[{"href":"https:\/\/games.tactic.net\/no\/wp-json\/wp\/v2\/product\/1364610","targetHints":{"allow":["GET"]}}],"collection":[{"href":"https:\/\/games.tactic.net\/no\/wp-json\/wp\/v2\/product"}],"about":[{"href":"https:\/\/games.tactic.net\/no\/wp-json\/wp\/v2\/types\/product"}],"wp:attachment":[{"href":"https:\/\/games.tactic.net\/no\/wp-json\/wp\/v2\/media?parent=1364610"}],"wp:term":[{"taxonomy":"product_brand","embeddable":true,"href":"https:\/\/games.tactic.net\/no\/wp-json\/wp\/v2\/product_brand?post=1364610"},{"taxonomy":"product_cat","embeddable":true,"href":"https:\/\/games.tactic.net\/no\/wp-json\/wp\/v2\/product_cat?post=1364610"},{"taxonomy":"product_tag","embeddable":true,"href":"https:\/\/games.tactic.net\/no\/wp-json\/wp\/v2\/product_tag?post=1364610"},{"taxonomy":"brand","embeddable":true,"href":"https:\/\/games.tactic.net\/no\/wp-json\/wp\/v2\/brand?post=1364610"},{"taxonomy":"target-group","embeddable":true,"href":"https:\/\/games.tactic.net\/no\/wp-json\/wp\/v2\/target-group?post=1364610"},{"taxonomy":"discontinued","embeddable":true,"href":"https:\/\/games.tactic.net\/no\/wp-json\/wp\/v2\/discontinued?post=1364610"}],"curies":[{"name":"wp","href":"https:\/\/api.w.org\/{rel}","templated":true}]}}