{"id":1364603,"date":"2025-01-20T11:11:25","date_gmt":"2025-01-20T09:11:25","guid":{"rendered":"https:\/\/games.tactic.net\/tuote\/plasto-soft-neutrals-baby-walker\/"},"modified":"2025-03-17T13:21:01","modified_gmt":"2025-03-17T11:21:01","slug":"plasto-soft-neutrals-baby-walker","status":"publish","type":"product","link":"https:\/\/games.tactic.net\/no\/tuote\/plasto-soft-neutrals-baby-walker\/","title":{"rendered":"PLASTO Soft Neutrals Baby Walker"},"content":{"rendered":"<p>Spesialutgave &#8211; Myke n\u00f8ytrale farger! Rolige og avslappende farger i naturlige nyanser. G\u00e5stol med stille hjul. H\u00f8yde: 48 cm. Lengde: 48 cm. Montering av voksen kreves. Anbefalt alder: 10 mnd+. Laget i Finland.<\/p>\n","protected":false},"excerpt":{"rendered":"<p>Spesialutgave &#8211; Myke n\u00f8ytrale farger! Rolige og avslappende farger i naturlige nyanser. G\u00e5stol med stille hjul. H\u00f8yde: 48 cm. Lengde: 48 cm. Montering av voksen kreves. Anbefalt alder: 10 mnd+. Laget i Finland.<\/p>\n","protected":false},"featured_media":0,"template":"","meta":{"content-type":"","_monsterinsights_skip_tracking":false,"_monsterinsights_sitenote_active":false,"_monsterinsights_sitenote_note":"","_monsterinsights_sitenote_category":0},"product_brand":[],"product_cat":[2306],"product_tag":[],"brand":[{"id":2316,"name":"Plasto","slug":"plasto-4"}],"target-group":[],"discontinued":[],"class_list":{"0":"post-1364603","1":"product","2":"type-product","3":"status-publish","5":"product_cat-plasto-leker","6":"brand-plasto-4","8":"first","9":"instock","10":"taxable","11":"shipping-taxable","12":"product-type-simple"},"aioseo_notices":[],"_links":{"self":[{"href":"https:\/\/games.tactic.net\/no\/wp-json\/wp\/v2\/product\/1364603","targetHints":{"allow":["GET"]}}],"collection":[{"href":"https:\/\/games.tactic.net\/no\/wp-json\/wp\/v2\/product"}],"about":[{"href":"https:\/\/games.tactic.net\/no\/wp-json\/wp\/v2\/types\/product"}],"wp:attachment":[{"href":"https:\/\/games.tactic.net\/no\/wp-json\/wp\/v2\/media?parent=1364603"}],"wp:term":[{"taxonomy":"product_brand","embeddable":true,"href":"https:\/\/games.tactic.net\/no\/wp-json\/wp\/v2\/product_brand?post=1364603"},{"taxonomy":"product_cat","embeddable":true,"href":"https:\/\/games.tactic.net\/no\/wp-json\/wp\/v2\/product_cat?post=1364603"},{"taxonomy":"product_tag","embeddable":true,"href":"https:\/\/games.tactic.net\/no\/wp-json\/wp\/v2\/product_tag?post=1364603"},{"taxonomy":"brand","embeddable":true,"href":"https:\/\/games.tactic.net\/no\/wp-json\/wp\/v2\/brand?post=1364603"},{"taxonomy":"target-group","embeddable":true,"href":"https:\/\/games.tactic.net\/no\/wp-json\/wp\/v2\/target-group?post=1364603"},{"taxonomy":"discontinued","embeddable":true,"href":"https:\/\/games.tactic.net\/no\/wp-json\/wp\/v2\/discontinued?post=1364603"}],"curies":[{"name":"wp","href":"https:\/\/api.w.org\/{rel}","templated":true}]}}