{"id":1364600,"date":"2025-01-20T11:10:33","date_gmt":"2025-01-20T09:10:33","guid":{"rendered":"https:\/\/games.tactic.net\/tuote\/plasto-recycling-truck-40-cm\/"},"modified":"2025-03-17T13:24:52","modified_gmt":"2025-03-17T11:24:52","slug":"plasto-recycling-truck-40-cm","status":"publish","type":"product","link":"https:\/\/games.tactic.net\/no\/tuote\/plasto-recycling-truck-40-cm\/","title":{"rendered":"PLASTO Recycling truck, 40 cm"},"content":{"rendered":"<p>Slitesterk Plasto s\u00f8ppellastebil med mange funksjoner og mye lekeverdi inspirerer til fantasifull lek! Inkluderer ogs\u00e5 en separat s\u00f8ppelb\u00f8tte. Lengde p\u00e5 s\u00f8ppellastebil: 40 cm. Laget i Finland. Anbefalt alder: 1+.<\/p>\n","protected":false},"excerpt":{"rendered":"<p>Slitesterk Plasto s\u00f8ppellastebil med mange funksjoner og mye lekeverdi inspirerer til fantasifull lek! Inkluderer ogs\u00e5 en separat s\u00f8ppelb\u00f8tte. Lengde p\u00e5 s\u00f8ppellastebil: 40 cm. Laget i Finland. Anbefalt alder: 1+.<\/p>\n","protected":false},"featured_media":0,"template":"","meta":{"content-type":"","_monsterinsights_skip_tracking":false,"_monsterinsights_sitenote_active":false,"_monsterinsights_sitenote_note":"","_monsterinsights_sitenote_category":0},"product_brand":[],"product_cat":[2306],"product_tag":[],"brand":[{"id":2316,"name":"Plasto","slug":"plasto-4"}],"target-group":[],"discontinued":[],"class_list":{"0":"post-1364600","1":"product","2":"type-product","3":"status-publish","5":"product_cat-plasto-leker","6":"brand-plasto-4","8":"first","9":"instock","10":"taxable","11":"shipping-taxable","12":"product-type-simple"},"aioseo_notices":[],"_links":{"self":[{"href":"https:\/\/games.tactic.net\/no\/wp-json\/wp\/v2\/product\/1364600","targetHints":{"allow":["GET"]}}],"collection":[{"href":"https:\/\/games.tactic.net\/no\/wp-json\/wp\/v2\/product"}],"about":[{"href":"https:\/\/games.tactic.net\/no\/wp-json\/wp\/v2\/types\/product"}],"wp:attachment":[{"href":"https:\/\/games.tactic.net\/no\/wp-json\/wp\/v2\/media?parent=1364600"}],"wp:term":[{"taxonomy":"product_brand","embeddable":true,"href":"https:\/\/games.tactic.net\/no\/wp-json\/wp\/v2\/product_brand?post=1364600"},{"taxonomy":"product_cat","embeddable":true,"href":"https:\/\/games.tactic.net\/no\/wp-json\/wp\/v2\/product_cat?post=1364600"},{"taxonomy":"product_tag","embeddable":true,"href":"https:\/\/games.tactic.net\/no\/wp-json\/wp\/v2\/product_tag?post=1364600"},{"taxonomy":"brand","embeddable":true,"href":"https:\/\/games.tactic.net\/no\/wp-json\/wp\/v2\/brand?post=1364600"},{"taxonomy":"target-group","embeddable":true,"href":"https:\/\/games.tactic.net\/no\/wp-json\/wp\/v2\/target-group?post=1364600"},{"taxonomy":"discontinued","embeddable":true,"href":"https:\/\/games.tactic.net\/no\/wp-json\/wp\/v2\/discontinued?post=1364600"}],"curies":[{"name":"wp","href":"https:\/\/api.w.org\/{rel}","templated":true}]}}