{"id":1364570,"date":"2025-01-17T18:36:40","date_gmt":"2025-01-17T16:36:40","guid":{"rendered":"https:\/\/games.tactic.net\/tuote\/plasto-coffee-set-bioplastic\/"},"modified":"2025-03-17T13:26:17","modified_gmt":"2025-03-17T11:26:17","slug":"plasto-coffee-set-bioplastic","status":"publish","type":"product","link":"https:\/\/games.tactic.net\/no\/tuote\/plasto-coffee-set-bioplastic\/","title":{"rendered":"Plasto Coffee Set Bioplastic"},"content":{"rendered":"<p>Et b\u00e6rekraftig valg! Plasto-kaffesett for 4 personer inkluderer totalt 15 h\u00f8ykvalitetsdeler. Nyt kaffen, og vask opp etterp\u00e5! Plastmaterialet i dette leket\u00f8yet er produsert av sukkerr\u00f8r som er 100 % fornybart. Anbefalt alder: 1+. Laget i Finland.<\/p>\n","protected":false},"excerpt":{"rendered":"<p>Et b\u00e6rekraftig valg! Plasto-kaffesett for 4 personer inkluderer totalt 15 h\u00f8ykvalitetsdeler. Nyt kaffen, og vask opp etterp\u00e5! Plastmaterialet i dette leket\u00f8yet er produsert av sukkerr\u00f8r som er 100 % fornybart. Anbefalt alder: 1+. Laget i Finland.<\/p>\n","protected":false},"featured_media":0,"template":"","meta":{"content-type":"","_monsterinsights_skip_tracking":false,"_monsterinsights_sitenote_active":false,"_monsterinsights_sitenote_note":"","_monsterinsights_sitenote_category":0},"product_brand":[],"product_cat":[2306],"product_tag":[],"brand":[{"id":2316,"name":"Plasto","slug":"plasto-4"}],"target-group":[],"discontinued":[],"class_list":{"0":"post-1364570","1":"product","2":"type-product","3":"status-publish","5":"product_cat-plasto-leker","6":"brand-plasto-4","8":"first","9":"instock","10":"taxable","11":"shipping-taxable","12":"product-type-simple"},"aioseo_notices":[],"_links":{"self":[{"href":"https:\/\/games.tactic.net\/no\/wp-json\/wp\/v2\/product\/1364570","targetHints":{"allow":["GET"]}}],"collection":[{"href":"https:\/\/games.tactic.net\/no\/wp-json\/wp\/v2\/product"}],"about":[{"href":"https:\/\/games.tactic.net\/no\/wp-json\/wp\/v2\/types\/product"}],"wp:attachment":[{"href":"https:\/\/games.tactic.net\/no\/wp-json\/wp\/v2\/media?parent=1364570"}],"wp:term":[{"taxonomy":"product_brand","embeddable":true,"href":"https:\/\/games.tactic.net\/no\/wp-json\/wp\/v2\/product_brand?post=1364570"},{"taxonomy":"product_cat","embeddable":true,"href":"https:\/\/games.tactic.net\/no\/wp-json\/wp\/v2\/product_cat?post=1364570"},{"taxonomy":"product_tag","embeddable":true,"href":"https:\/\/games.tactic.net\/no\/wp-json\/wp\/v2\/product_tag?post=1364570"},{"taxonomy":"brand","embeddable":true,"href":"https:\/\/games.tactic.net\/no\/wp-json\/wp\/v2\/brand?post=1364570"},{"taxonomy":"target-group","embeddable":true,"href":"https:\/\/games.tactic.net\/no\/wp-json\/wp\/v2\/target-group?post=1364570"},{"taxonomy":"discontinued","embeddable":true,"href":"https:\/\/games.tactic.net\/no\/wp-json\/wp\/v2\/discontinued?post=1364570"}],"curies":[{"name":"wp","href":"https:\/\/api.w.org\/{rel}","templated":true}]}}