{"id":1364566,"date":"2025-01-17T18:36:23","date_gmt":"2025-01-17T16:36:23","guid":{"rendered":"https:\/\/games.tactic.net\/tuote\/plasto-picnic-set-bioplastic\/"},"modified":"2025-03-17T13:26:12","modified_gmt":"2025-03-17T11:26:12","slug":"plasto-picnic-set-bioplastic","status":"publish","type":"product","link":"https:\/\/games.tactic.net\/no\/tuote\/plasto-picnic-set-bioplastic\/","title":{"rendered":"PLASTO Picnic Set Bioplastic"},"content":{"rendered":"<p>Et b\u00e6rekraftig valg! Plasto Picnic Party-kj\u00f8kkensett inneholder totalt 14 h\u00f8ykvalitetsdeler, alt som trengs for piknik for 4 personer. Settet er laget av bioplast. Plastmaterialet i dette leket\u00f8yet er produsert av sukkerr\u00f8r som er 100 % fornybart. Anbefalt alder: 1+. Laget i Finland.<\/p>\n","protected":false},"excerpt":{"rendered":"<p>Et b\u00e6rekraftig valg! Plasto Picnic Party-kj\u00f8kkensett inneholder totalt 14 h\u00f8ykvalitetsdeler, alt som trengs for piknik for 4 personer. Settet er laget av bioplast. Plastmaterialet i dette leket\u00f8yet er produsert av sukkerr\u00f8r som er 100 % fornybart. Anbefalt alder: 1+. Laget i Finland.<\/p>\n","protected":false},"featured_media":0,"template":"","meta":{"content-type":"","_monsterinsights_skip_tracking":false,"_monsterinsights_sitenote_active":false,"_monsterinsights_sitenote_note":"","_monsterinsights_sitenote_category":0},"product_brand":[],"product_cat":[2306],"product_tag":[],"brand":[{"id":2316,"name":"Plasto","slug":"plasto-4"}],"target-group":[],"discontinued":[],"class_list":{"0":"post-1364566","1":"product","2":"type-product","3":"status-publish","5":"product_cat-plasto-leker","6":"brand-plasto-4","8":"first","9":"instock","10":"taxable","11":"shipping-taxable","12":"product-type-simple"},"aioseo_notices":[],"_links":{"self":[{"href":"https:\/\/games.tactic.net\/no\/wp-json\/wp\/v2\/product\/1364566","targetHints":{"allow":["GET"]}}],"collection":[{"href":"https:\/\/games.tactic.net\/no\/wp-json\/wp\/v2\/product"}],"about":[{"href":"https:\/\/games.tactic.net\/no\/wp-json\/wp\/v2\/types\/product"}],"wp:attachment":[{"href":"https:\/\/games.tactic.net\/no\/wp-json\/wp\/v2\/media?parent=1364566"}],"wp:term":[{"taxonomy":"product_brand","embeddable":true,"href":"https:\/\/games.tactic.net\/no\/wp-json\/wp\/v2\/product_brand?post=1364566"},{"taxonomy":"product_cat","embeddable":true,"href":"https:\/\/games.tactic.net\/no\/wp-json\/wp\/v2\/product_cat?post=1364566"},{"taxonomy":"product_tag","embeddable":true,"href":"https:\/\/games.tactic.net\/no\/wp-json\/wp\/v2\/product_tag?post=1364566"},{"taxonomy":"brand","embeddable":true,"href":"https:\/\/games.tactic.net\/no\/wp-json\/wp\/v2\/brand?post=1364566"},{"taxonomy":"target-group","embeddable":true,"href":"https:\/\/games.tactic.net\/no\/wp-json\/wp\/v2\/target-group?post=1364566"},{"taxonomy":"discontinued","embeddable":true,"href":"https:\/\/games.tactic.net\/no\/wp-json\/wp\/v2\/discontinued?post=1364566"}],"curies":[{"name":"wp","href":"https:\/\/api.w.org\/{rel}","templated":true}]}}