{"id":1364505,"date":"2025-01-17T18:31:29","date_gmt":"2025-01-17T16:31:29","guid":{"rendered":"https:\/\/games.tactic.net\/tuote\/plasto-low-boy-frontoader-47-cm\/"},"modified":"2025-03-17T13:23:55","modified_gmt":"2025-03-17T11:23:55","slug":"plasto-low-boy-frontoader-47-cm","status":"publish","type":"product","link":"https:\/\/games.tactic.net\/no\/tuote\/plasto-low-boy-frontoader-47-cm\/","title":{"rendered":"PLASTO Low Boy &#038; Frontoader, 47 cm"},"content":{"rendered":"<p>En slitesterk Plasto frontlaster med fleksibel transportbil. Lengden p\u00e5 transport\u00f8ren 47 cm. Lengden p\u00e5 frontlasteren 23 cm. Laget i Finland.<\/p>\n","protected":false},"excerpt":{"rendered":"<p>En slitesterk Plasto frontlaster med fleksibel transportbil. Lengden p\u00e5 transport\u00f8ren 47 cm. Lengden p\u00e5 frontlasteren 23 cm. Laget i Finland.<\/p>\n","protected":false},"featured_media":0,"template":"","meta":{"content-type":"","_monsterinsights_skip_tracking":false,"_monsterinsights_sitenote_active":false,"_monsterinsights_sitenote_note":"","_monsterinsights_sitenote_category":0},"product_brand":[],"product_cat":[2306],"product_tag":[],"brand":[{"id":2316,"name":"Plasto","slug":"plasto-4"}],"target-group":[],"discontinued":[],"class_list":{"0":"post-1364505","1":"product","2":"type-product","3":"status-publish","5":"product_cat-plasto-leker","6":"brand-plasto-4","8":"first","9":"instock","10":"taxable","11":"shipping-taxable","12":"product-type-simple"},"aioseo_notices":[],"_links":{"self":[{"href":"https:\/\/games.tactic.net\/no\/wp-json\/wp\/v2\/product\/1364505","targetHints":{"allow":["GET"]}}],"collection":[{"href":"https:\/\/games.tactic.net\/no\/wp-json\/wp\/v2\/product"}],"about":[{"href":"https:\/\/games.tactic.net\/no\/wp-json\/wp\/v2\/types\/product"}],"wp:attachment":[{"href":"https:\/\/games.tactic.net\/no\/wp-json\/wp\/v2\/media?parent=1364505"}],"wp:term":[{"taxonomy":"product_brand","embeddable":true,"href":"https:\/\/games.tactic.net\/no\/wp-json\/wp\/v2\/product_brand?post=1364505"},{"taxonomy":"product_cat","embeddable":true,"href":"https:\/\/games.tactic.net\/no\/wp-json\/wp\/v2\/product_cat?post=1364505"},{"taxonomy":"product_tag","embeddable":true,"href":"https:\/\/games.tactic.net\/no\/wp-json\/wp\/v2\/product_tag?post=1364505"},{"taxonomy":"brand","embeddable":true,"href":"https:\/\/games.tactic.net\/no\/wp-json\/wp\/v2\/brand?post=1364505"},{"taxonomy":"target-group","embeddable":true,"href":"https:\/\/games.tactic.net\/no\/wp-json\/wp\/v2\/target-group?post=1364505"},{"taxonomy":"discontinued","embeddable":true,"href":"https:\/\/games.tactic.net\/no\/wp-json\/wp\/v2\/discontinued?post=1364505"}],"curies":[{"name":"wp","href":"https:\/\/api.w.org\/{rel}","templated":true}]}}