{"id":1364492,"date":"2025-01-17T18:30:08","date_gmt":"2025-01-17T16:30:08","guid":{"rendered":"https:\/\/games.tactic.net\/tuote\/plasto-truck-1653-shoveldozer-1655-assorted-in-di\/"},"modified":"2025-03-17T13:23:19","modified_gmt":"2025-03-17T11:23:19","slug":"plasto-truck-1653-shoveldozer-1655-assorted-in-di","status":"publish","type":"product","link":"https:\/\/games.tactic.net\/no\/tuote\/plasto-truck-1653-shoveldozer-1655-assorted-in-di\/","title":{"rendered":"PLASTO Truck 1653, Shoveldozer 1655 assorted in di"},"content":{"rendered":"<p>Plasto assorterte kj\u00f8ret\u00f8y: ekstremt holdbare lastebiler og frontlastere.  Lengden p\u00e5 kj\u00f8ret\u00f8yene 30 cm. Velg din favoritt eller begge deler! Anbefalt alder 1+. Laget i Finland.<\/p>\n","protected":false},"excerpt":{"rendered":"<p>Plasto assorterte kj\u00f8ret\u00f8y: ekstremt holdbare lastebiler og frontlastere. Lengden p\u00e5 kj\u00f8ret\u00f8yene 30 cm. Velg din favoritt eller begge deler! Anbefalt alder 1+. Laget i Finland.<\/p>\n","protected":false},"featured_media":0,"template":"","meta":{"content-type":"","_monsterinsights_skip_tracking":false,"_monsterinsights_sitenote_active":false,"_monsterinsights_sitenote_note":"","_monsterinsights_sitenote_category":0},"product_brand":[],"product_cat":[2306],"product_tag":[],"brand":[{"id":2316,"name":"Plasto","slug":"plasto-4"}],"target-group":[],"discontinued":[],"class_list":{"0":"post-1364492","1":"product","2":"type-product","3":"status-publish","5":"product_cat-plasto-leker","6":"brand-plasto-4","8":"first","9":"instock","10":"taxable","11":"shipping-taxable","12":"product-type-simple"},"aioseo_notices":[],"_links":{"self":[{"href":"https:\/\/games.tactic.net\/no\/wp-json\/wp\/v2\/product\/1364492","targetHints":{"allow":["GET"]}}],"collection":[{"href":"https:\/\/games.tactic.net\/no\/wp-json\/wp\/v2\/product"}],"about":[{"href":"https:\/\/games.tactic.net\/no\/wp-json\/wp\/v2\/types\/product"}],"wp:attachment":[{"href":"https:\/\/games.tactic.net\/no\/wp-json\/wp\/v2\/media?parent=1364492"}],"wp:term":[{"taxonomy":"product_brand","embeddable":true,"href":"https:\/\/games.tactic.net\/no\/wp-json\/wp\/v2\/product_brand?post=1364492"},{"taxonomy":"product_cat","embeddable":true,"href":"https:\/\/games.tactic.net\/no\/wp-json\/wp\/v2\/product_cat?post=1364492"},{"taxonomy":"product_tag","embeddable":true,"href":"https:\/\/games.tactic.net\/no\/wp-json\/wp\/v2\/product_tag?post=1364492"},{"taxonomy":"brand","embeddable":true,"href":"https:\/\/games.tactic.net\/no\/wp-json\/wp\/v2\/brand?post=1364492"},{"taxonomy":"target-group","embeddable":true,"href":"https:\/\/games.tactic.net\/no\/wp-json\/wp\/v2\/target-group?post=1364492"},{"taxonomy":"discontinued","embeddable":true,"href":"https:\/\/games.tactic.net\/no\/wp-json\/wp\/v2\/discontinued?post=1364492"}],"curies":[{"name":"wp","href":"https:\/\/api.w.org\/{rel}","templated":true}]}}