{"id":1364421,"date":"2025-01-17T18:24:38","date_gmt":"2025-01-17T16:24:38","guid":{"rendered":"https:\/\/games.tactic.net\/tuote\/plasto-car-carrier-with-4-cars-47-cm\/"},"modified":"2025-03-17T13:23:50","modified_gmt":"2025-03-17T11:23:50","slug":"plasto-car-carrier-with-4-cars-47-cm","status":"publish","type":"product","link":"https:\/\/games.tactic.net\/no\/tuote\/plasto-car-carrier-with-4-cars-47-cm\/","title":{"rendered":"PLASTO Car carrier with 4 cars, 47 cm"},"content":{"rendered":"<p>B\u00e6rekraftig Plasto biltransport. Lengden p\u00e5 biltransporten 47 cm. Inneholder ogs\u00e5 4 sm\u00e5 biler. Anbefalt alder 1+. Laget i Finland.<\/p>\n","protected":false},"excerpt":{"rendered":"<p>B\u00e6rekraftig Plasto biltransport. Lengden p\u00e5 biltransporten 47 cm. Inneholder ogs\u00e5 4 sm\u00e5 biler. Anbefalt alder 1+. Laget i Finland.<\/p>\n","protected":false},"featured_media":0,"template":"","meta":{"content-type":"","_monsterinsights_skip_tracking":false,"_monsterinsights_sitenote_active":false,"_monsterinsights_sitenote_note":"","_monsterinsights_sitenote_category":0},"product_brand":[],"product_cat":[2306],"product_tag":[],"brand":[{"id":2316,"name":"Plasto","slug":"plasto-4"}],"target-group":[],"discontinued":[],"class_list":{"0":"post-1364421","1":"product","2":"type-product","3":"status-publish","5":"product_cat-plasto-leker","6":"brand-plasto-4","8":"first","9":"instock","10":"taxable","11":"shipping-taxable","12":"product-type-simple"},"aioseo_notices":[],"_links":{"self":[{"href":"https:\/\/games.tactic.net\/no\/wp-json\/wp\/v2\/product\/1364421","targetHints":{"allow":["GET"]}}],"collection":[{"href":"https:\/\/games.tactic.net\/no\/wp-json\/wp\/v2\/product"}],"about":[{"href":"https:\/\/games.tactic.net\/no\/wp-json\/wp\/v2\/types\/product"}],"wp:attachment":[{"href":"https:\/\/games.tactic.net\/no\/wp-json\/wp\/v2\/media?parent=1364421"}],"wp:term":[{"taxonomy":"product_brand","embeddable":true,"href":"https:\/\/games.tactic.net\/no\/wp-json\/wp\/v2\/product_brand?post=1364421"},{"taxonomy":"product_cat","embeddable":true,"href":"https:\/\/games.tactic.net\/no\/wp-json\/wp\/v2\/product_cat?post=1364421"},{"taxonomy":"product_tag","embeddable":true,"href":"https:\/\/games.tactic.net\/no\/wp-json\/wp\/v2\/product_tag?post=1364421"},{"taxonomy":"brand","embeddable":true,"href":"https:\/\/games.tactic.net\/no\/wp-json\/wp\/v2\/brand?post=1364421"},{"taxonomy":"target-group","embeddable":true,"href":"https:\/\/games.tactic.net\/no\/wp-json\/wp\/v2\/target-group?post=1364421"},{"taxonomy":"discontinued","embeddable":true,"href":"https:\/\/games.tactic.net\/no\/wp-json\/wp\/v2\/discontinued?post=1364421"}],"curies":[{"name":"wp","href":"https:\/\/api.w.org\/{rel}","templated":true}]}}