{"id":1364405,"date":"2025-01-17T18:23:27","date_gmt":"2025-01-17T16:23:27","guid":{"rendered":"https:\/\/games.tactic.net\/tuote\/plasto-truck-and-sand-toys-5-parts\/"},"modified":"2025-03-17T13:22:50","modified_gmt":"2025-03-17T11:22:50","slug":"plasto-truck-and-sand-toys-5-parts","status":"publish","type":"product","link":"https:\/\/games.tactic.net\/no\/tuote\/plasto-truck-and-sand-toys-5-parts\/","title":{"rendered":"PLASTO Truck and sand toys, 5 parts"},"content":{"rendered":"<p>Plasto-sett av h\u00f8y kvalitet som tiltrekker seg aktiv lek! Settet inneholder 5 deler: en slitesterk lastebil, b\u00f8tte, spade og to sandformer. Lastebilens lengde 40 cm. Volumet av b\u00f8tta 1,2 L. Lengden p\u00e5 spaden 25 cm. Anbefalt alder 1+. Laget i Finland.<\/p>\n","protected":false},"excerpt":{"rendered":"<p>Plasto-sett av h\u00f8y kvalitet som tiltrekker seg aktiv lek! Settet inneholder 5 deler: en slitesterk lastebil, b\u00f8tte, spade og to sandformer. Lastebilens lengde 40 cm. Volumet av b\u00f8tta 1,2 L. Lengden p\u00e5 spaden 25 cm. Anbefalt alder 1+. Laget i Finland.<\/p>\n","protected":false},"featured_media":0,"template":"","meta":{"content-type":"","_monsterinsights_skip_tracking":false,"_monsterinsights_sitenote_active":false,"_monsterinsights_sitenote_note":"","_monsterinsights_sitenote_category":0},"product_brand":[],"product_cat":[2306],"product_tag":[],"brand":[{"id":2316,"name":"Plasto","slug":"plasto-4"}],"target-group":[],"discontinued":[],"class_list":{"0":"post-1364405","1":"product","2":"type-product","3":"status-publish","5":"product_cat-plasto-leker","6":"brand-plasto-4","8":"first","9":"instock","10":"taxable","11":"shipping-taxable","12":"product-type-simple"},"aioseo_notices":[],"_links":{"self":[{"href":"https:\/\/games.tactic.net\/no\/wp-json\/wp\/v2\/product\/1364405","targetHints":{"allow":["GET"]}}],"collection":[{"href":"https:\/\/games.tactic.net\/no\/wp-json\/wp\/v2\/product"}],"about":[{"href":"https:\/\/games.tactic.net\/no\/wp-json\/wp\/v2\/types\/product"}],"wp:attachment":[{"href":"https:\/\/games.tactic.net\/no\/wp-json\/wp\/v2\/media?parent=1364405"}],"wp:term":[{"taxonomy":"product_brand","embeddable":true,"href":"https:\/\/games.tactic.net\/no\/wp-json\/wp\/v2\/product_brand?post=1364405"},{"taxonomy":"product_cat","embeddable":true,"href":"https:\/\/games.tactic.net\/no\/wp-json\/wp\/v2\/product_cat?post=1364405"},{"taxonomy":"product_tag","embeddable":true,"href":"https:\/\/games.tactic.net\/no\/wp-json\/wp\/v2\/product_tag?post=1364405"},{"taxonomy":"brand","embeddable":true,"href":"https:\/\/games.tactic.net\/no\/wp-json\/wp\/v2\/brand?post=1364405"},{"taxonomy":"target-group","embeddable":true,"href":"https:\/\/games.tactic.net\/no\/wp-json\/wp\/v2\/target-group?post=1364405"},{"taxonomy":"discontinued","embeddable":true,"href":"https:\/\/games.tactic.net\/no\/wp-json\/wp\/v2\/discontinued?post=1364405"}],"curies":[{"name":"wp","href":"https:\/\/api.w.org\/{rel}","templated":true}]}}