{"id":1364397,"date":"2025-01-17T18:22:53","date_gmt":"2025-01-17T16:22:53","guid":{"rendered":"https:\/\/games.tactic.net\/tuote\/plasto-tipper-truck-set-bioplastic\/"},"modified":"2025-03-17T13:22:40","modified_gmt":"2025-03-17T11:22:40","slug":"plasto-tipper-truck-set-bioplastic","status":"publish","type":"product","link":"https:\/\/games.tactic.net\/no\/tuote\/plasto-tipper-truck-set-bioplastic\/","title":{"rendered":"PLASTO Tipper Truck Set Bioplastic"},"content":{"rendered":"<p>Et milj\u00f8vennlig valg! Slitesterkt Plasto bilsett i bioplast er laget i Finland. Plasten i denne leken er laget av sukkerr\u00f8r. Settet inkluderer en lastebil, b\u00f8tte, spade og sandform, totalt 4 deler.  Lengden p\u00e5 lastebilen er 30 cm. Volumet p\u00e5 b\u00f8tta er 1,2 L. Lengden p\u00e5 spaden er 20 cm.<\/p>\n","protected":false},"excerpt":{"rendered":"<p>Et milj\u00f8vennlig valg! Slitesterkt Plasto bilsett i bioplast er laget i Finland. Plasten i denne leken er laget av sukkerr\u00f8r. Settet inkluderer en lastebil, b\u00f8tte, spade og sandform, totalt 4 deler. Lengden p\u00e5 lastebilen er 30 cm. Volumet p\u00e5 b\u00f8tta er 1,2 L. Lengden p\u00e5 spaden er 20 cm.<\/p>\n","protected":false},"featured_media":0,"template":"","meta":{"content-type":"","_monsterinsights_skip_tracking":false,"_monsterinsights_sitenote_active":false,"_monsterinsights_sitenote_note":"","_monsterinsights_sitenote_category":0},"product_brand":[],"product_cat":[2306],"product_tag":[],"brand":[{"id":2316,"name":"Plasto","slug":"plasto-4"}],"target-group":[],"discontinued":[],"class_list":{"0":"post-1364397","1":"product","2":"type-product","3":"status-publish","5":"product_cat-plasto-leker","6":"brand-plasto-4","8":"first","9":"instock","10":"taxable","11":"shipping-taxable","12":"product-type-simple"},"aioseo_notices":[],"_links":{"self":[{"href":"https:\/\/games.tactic.net\/no\/wp-json\/wp\/v2\/product\/1364397","targetHints":{"allow":["GET"]}}],"collection":[{"href":"https:\/\/games.tactic.net\/no\/wp-json\/wp\/v2\/product"}],"about":[{"href":"https:\/\/games.tactic.net\/no\/wp-json\/wp\/v2\/types\/product"}],"wp:attachment":[{"href":"https:\/\/games.tactic.net\/no\/wp-json\/wp\/v2\/media?parent=1364397"}],"wp:term":[{"taxonomy":"product_brand","embeddable":true,"href":"https:\/\/games.tactic.net\/no\/wp-json\/wp\/v2\/product_brand?post=1364397"},{"taxonomy":"product_cat","embeddable":true,"href":"https:\/\/games.tactic.net\/no\/wp-json\/wp\/v2\/product_cat?post=1364397"},{"taxonomy":"product_tag","embeddable":true,"href":"https:\/\/games.tactic.net\/no\/wp-json\/wp\/v2\/product_tag?post=1364397"},{"taxonomy":"brand","embeddable":true,"href":"https:\/\/games.tactic.net\/no\/wp-json\/wp\/v2\/brand?post=1364397"},{"taxonomy":"target-group","embeddable":true,"href":"https:\/\/games.tactic.net\/no\/wp-json\/wp\/v2\/target-group?post=1364397"},{"taxonomy":"discontinued","embeddable":true,"href":"https:\/\/games.tactic.net\/no\/wp-json\/wp\/v2\/discontinued?post=1364397"}],"curies":[{"name":"wp","href":"https:\/\/api.w.org\/{rel}","templated":true}]}}