{"id":1364393,"date":"2025-01-17T18:22:34","date_gmt":"2025-01-17T16:22:34","guid":{"rendered":"https:\/\/games.tactic.net\/tuote\/plasto-bucket-set-bioplastic\/"},"modified":"2025-03-17T13:22:30","modified_gmt":"2025-03-17T11:22:30","slug":"plasto-bucket-set-bioplastic","status":"publish","type":"product","link":"https:\/\/games.tactic.net\/no\/tuote\/plasto-bucket-set-bioplastic\/","title":{"rendered":"PLASTO Bucket Set Bioplastic"},"content":{"rendered":"<p>Et milj\u00f8vennlig valg! Slitesterkt Plasto-sett i bioplast er laget i Finland. Plasten i denne leken er laget av sukkerr\u00f8r. Settet inneholder en b\u00f8tte, en spade og en sandform, totalt 3 deler.  Volumet p\u00e5 b\u00f8tta er 1,2 L. Lengden p\u00e5 spaden er 20 cm.<\/p>\n","protected":false},"excerpt":{"rendered":"<p>Et milj\u00f8vennlig valg! Slitesterkt Plasto-sett i bioplast er laget i Finland. Plasten i denne leken er laget av sukkerr\u00f8r. Settet inneholder en b\u00f8tte, en spade og en sandform, totalt 3 deler. Volumet p\u00e5 b\u00f8tta er 1,2 L. Lengden p\u00e5 spaden er 20 cm.<\/p>\n","protected":false},"featured_media":0,"template":"","meta":{"content-type":"","_monsterinsights_skip_tracking":false,"_monsterinsights_sitenote_active":false,"_monsterinsights_sitenote_note":"","_monsterinsights_sitenote_category":0},"product_brand":[],"product_cat":[2306],"product_tag":[],"brand":[{"id":2316,"name":"Plasto","slug":"plasto-4"}],"target-group":[],"discontinued":[],"class_list":{"0":"post-1364393","1":"product","2":"type-product","3":"status-publish","5":"product_cat-plasto-leker","6":"brand-plasto-4","8":"first","9":"instock","10":"taxable","11":"shipping-taxable","12":"product-type-simple"},"aioseo_notices":[],"_links":{"self":[{"href":"https:\/\/games.tactic.net\/no\/wp-json\/wp\/v2\/product\/1364393","targetHints":{"allow":["GET"]}}],"collection":[{"href":"https:\/\/games.tactic.net\/no\/wp-json\/wp\/v2\/product"}],"about":[{"href":"https:\/\/games.tactic.net\/no\/wp-json\/wp\/v2\/types\/product"}],"wp:attachment":[{"href":"https:\/\/games.tactic.net\/no\/wp-json\/wp\/v2\/media?parent=1364393"}],"wp:term":[{"taxonomy":"product_brand","embeddable":true,"href":"https:\/\/games.tactic.net\/no\/wp-json\/wp\/v2\/product_brand?post=1364393"},{"taxonomy":"product_cat","embeddable":true,"href":"https:\/\/games.tactic.net\/no\/wp-json\/wp\/v2\/product_cat?post=1364393"},{"taxonomy":"product_tag","embeddable":true,"href":"https:\/\/games.tactic.net\/no\/wp-json\/wp\/v2\/product_tag?post=1364393"},{"taxonomy":"brand","embeddable":true,"href":"https:\/\/games.tactic.net\/no\/wp-json\/wp\/v2\/brand?post=1364393"},{"taxonomy":"target-group","embeddable":true,"href":"https:\/\/games.tactic.net\/no\/wp-json\/wp\/v2\/target-group?post=1364393"},{"taxonomy":"discontinued","embeddable":true,"href":"https:\/\/games.tactic.net\/no\/wp-json\/wp\/v2\/discontinued?post=1364393"}],"curies":[{"name":"wp","href":"https:\/\/api.w.org\/{rel}","templated":true}]}}