{"id":1364373,"date":"2025-01-17T18:20:50","date_gmt":"2025-01-17T16:20:50","guid":{"rendered":"https:\/\/games.tactic.net\/tuote\/plasto-sit-ride-digger\/"},"modified":"2025-03-17T13:21:41","modified_gmt":"2025-03-17T11:21:41","slug":"plasto-sit-ride-digger","status":"publish","type":"product","link":"https:\/\/games.tactic.net\/no\/tuote\/plasto-sit-ride-digger\/","title":{"rendered":"PLASTO Sit &#038; Ride Digger"},"content":{"rendered":"<p>Stor og solid Plasto-gravemaskin med h\u00f8y lekverdi inviterer til timer med aktiv utend\u00f8rs lek! Gravemaskinen roterer 360 grader. H\u00f8yde fra gulv til sete: 27 cm. Vektgrense: 100 kg. Anbefalt alder: 2+. M\u00e5 monteres av en voksen. Laget i Finland.<\/p>\n","protected":false},"excerpt":{"rendered":"<p>Stor og solid Plasto-gravemaskin med h\u00f8y lekverdi inviterer til timer med aktiv utend\u00f8rs lek! Gravemaskinen roterer 360 grader. H\u00f8yde fra gulv til sete: 27 cm. Vektgrense: 100 kg. Anbefalt alder: 2+. M\u00e5 monteres av en voksen. Laget i Finland.<\/p>\n","protected":false},"featured_media":0,"template":"","meta":{"content-type":"","_monsterinsights_skip_tracking":false,"_monsterinsights_sitenote_active":false,"_monsterinsights_sitenote_note":"","_monsterinsights_sitenote_category":0},"product_brand":[],"product_cat":[2306],"product_tag":[],"brand":[{"id":2316,"name":"Plasto","slug":"plasto-4"}],"target-group":[],"discontinued":[],"class_list":{"0":"post-1364373","1":"product","2":"type-product","3":"status-publish","5":"product_cat-plasto-leker","6":"brand-plasto-4","8":"first","9":"instock","10":"taxable","11":"shipping-taxable","12":"product-type-simple"},"aioseo_notices":[],"_links":{"self":[{"href":"https:\/\/games.tactic.net\/no\/wp-json\/wp\/v2\/product\/1364373","targetHints":{"allow":["GET"]}}],"collection":[{"href":"https:\/\/games.tactic.net\/no\/wp-json\/wp\/v2\/product"}],"about":[{"href":"https:\/\/games.tactic.net\/no\/wp-json\/wp\/v2\/types\/product"}],"wp:attachment":[{"href":"https:\/\/games.tactic.net\/no\/wp-json\/wp\/v2\/media?parent=1364373"}],"wp:term":[{"taxonomy":"product_brand","embeddable":true,"href":"https:\/\/games.tactic.net\/no\/wp-json\/wp\/v2\/product_brand?post=1364373"},{"taxonomy":"product_cat","embeddable":true,"href":"https:\/\/games.tactic.net\/no\/wp-json\/wp\/v2\/product_cat?post=1364373"},{"taxonomy":"product_tag","embeddable":true,"href":"https:\/\/games.tactic.net\/no\/wp-json\/wp\/v2\/product_tag?post=1364373"},{"taxonomy":"brand","embeddable":true,"href":"https:\/\/games.tactic.net\/no\/wp-json\/wp\/v2\/brand?post=1364373"},{"taxonomy":"target-group","embeddable":true,"href":"https:\/\/games.tactic.net\/no\/wp-json\/wp\/v2\/target-group?post=1364373"},{"taxonomy":"discontinued","embeddable":true,"href":"https:\/\/games.tactic.net\/no\/wp-json\/wp\/v2\/discontinued?post=1364373"}],"curies":[{"name":"wp","href":"https:\/\/api.w.org\/{rel}","templated":true}]}}