{"id":1363844,"date":"2024-12-16T12:50:02","date_gmt":"2024-12-16T10:50:02","guid":{"rendered":"https:\/\/games.tactic.net\/tuote\/peppa-gris-peppa-pa-ferie-fri\/"},"modified":"2025-03-13T09:21:01","modified_gmt":"2025-03-13T07:21:01","slug":"peppa-gris-peppa-pa-ferie-fri","status":"publish","type":"product","link":"https:\/\/games.tactic.net\/no\/tuote\/peppa-gris-peppa-pa-ferie-fri\/","title":{"rendered":"PEPPA GRIS, PEPPA P\u00c5 FERIE fri"},"content":{"rendered":"<p>Peppa og familien hennes skal ta flyet til et feriested. Peppa l\u00e6rer hvordan man pakker, og litt rutinene p\u00e5 en flyplass.<\/p>\n","protected":false},"excerpt":{"rendered":"<p>Peppa og familien hennes skal ta flyet til et feriested. Peppa l\u00e6rer hvordan man pakker, og litt rutinene p\u00e5 en flyplass.<\/p>\n","protected":false},"featured_media":0,"template":"","meta":{"content-type":"","_monsterinsights_skip_tracking":false,"_monsterinsights_sitenote_active":false,"_monsterinsights_sitenote_note":"","_monsterinsights_sitenote_category":0},"product_brand":[],"product_cat":[1698],"product_tag":[],"brand":[],"target-group":[],"discontinued":[],"class_list":{"0":"post-1363844","1":"product","2":"type-product","3":"status-publish","5":"product_cat-eventyr-og-billedboker","7":"first","8":"instock","9":"taxable","10":"shipping-taxable","11":"product-type-simple"},"aioseo_notices":[],"_links":{"self":[{"href":"https:\/\/games.tactic.net\/no\/wp-json\/wp\/v2\/product\/1363844","targetHints":{"allow":["GET"]}}],"collection":[{"href":"https:\/\/games.tactic.net\/no\/wp-json\/wp\/v2\/product"}],"about":[{"href":"https:\/\/games.tactic.net\/no\/wp-json\/wp\/v2\/types\/product"}],"wp:attachment":[{"href":"https:\/\/games.tactic.net\/no\/wp-json\/wp\/v2\/media?parent=1363844"}],"wp:term":[{"taxonomy":"product_brand","embeddable":true,"href":"https:\/\/games.tactic.net\/no\/wp-json\/wp\/v2\/product_brand?post=1363844"},{"taxonomy":"product_cat","embeddable":true,"href":"https:\/\/games.tactic.net\/no\/wp-json\/wp\/v2\/product_cat?post=1363844"},{"taxonomy":"product_tag","embeddable":true,"href":"https:\/\/games.tactic.net\/no\/wp-json\/wp\/v2\/product_tag?post=1363844"},{"taxonomy":"brand","embeddable":true,"href":"https:\/\/games.tactic.net\/no\/wp-json\/wp\/v2\/brand?post=1363844"},{"taxonomy":"target-group","embeddable":true,"href":"https:\/\/games.tactic.net\/no\/wp-json\/wp\/v2\/target-group?post=1363844"},{"taxonomy":"discontinued","embeddable":true,"href":"https:\/\/games.tactic.net\/no\/wp-json\/wp\/v2\/discontinued?post=1363844"}],"curies":[{"name":"wp","href":"https:\/\/api.w.org\/{rel}","templated":true}]}}