{"id":1363432,"date":"2024-12-03T15:24:12","date_gmt":"2024-12-03T13:24:12","guid":{"rendered":"https:\/\/games.tactic.net\/tuote\/deutz-8280-ttv-tractor-toy\/"},"modified":"2024-12-03T15:24:12","modified_gmt":"2024-12-03T13:24:12","slug":"deutz-8280-ttv-tractor-toy","status":"publish","type":"product","link":"https:\/\/games.tactic.net\/no\/tuote\/deutz-8280-ttv-tractor-toy\/","title":{"rendered":"Deutz 8280 TTV tractor toy"},"content":{"rendered":"<p>N\u00e5r det gjelder design, funksjonalitet og kvalitet, er den nye modellen fra BRUDER i skalaen 1:16 p\u00e5 ingen m\u00e5te d\u00e5rligere enn originalen, tro mot formen &#8211; akkurat som den ekte varen. F\u00f8rerhuset er helglass og d\u00f8rene er enkle \u00e5 \u00e5pne. Det hengslede panseret gir utsikt over motoren. Enkel styring oppn\u00e5s med den innebygde pendelakselen og styreforlengelsen, som kan f\u00f8res inn gjennom soltaket. For \u00e5 utvide denne modellen kan det monteres en frontlaster (varenr. BR3333). Takket v\u00e6re den h\u00f8ydejusterbare bakkoblingen kan alle tilhengere i proffserien brukes. De nye, avtakbare hjulene er montert for enda mer moro.<\/p>\n","protected":false},"excerpt":{"rendered":"<p>N\u00e5r det gjelder design, funksjonalitet og kvalitet, er den nye modellen fra BRUDER i skalaen 1:16 p\u00e5 ingen m\u00e5te d\u00e5rligere enn originalen, tro mot formen &#8211; akkurat som den ekte varen. F\u00f8rerhuset er helglass og d\u00f8rene er enkle \u00e5 \u00e5pne. Det hengslede panseret gir utsikt over motoren. Enkel styring oppn\u00e5s med den innebygde pendelakselen og [&hellip;]<\/p>\n","protected":false},"featured_media":0,"template":"","meta":{"content-type":"","_monsterinsights_skip_tracking":false,"_monsterinsights_sitenote_active":false,"_monsterinsights_sitenote_note":"","_monsterinsights_sitenote_category":0},"product_brand":[],"product_cat":[1705],"product_tag":[],"brand":[],"target-group":[],"discontinued":[],"class_list":{"0":"post-1363432","1":"product","2":"type-product","3":"status-publish","5":"product_cat-bruder-leker","7":"first","8":"instock","9":"taxable","10":"shipping-taxable","11":"product-type-simple"},"aioseo_notices":[],"_links":{"self":[{"href":"https:\/\/games.tactic.net\/no\/wp-json\/wp\/v2\/product\/1363432","targetHints":{"allow":["GET"]}}],"collection":[{"href":"https:\/\/games.tactic.net\/no\/wp-json\/wp\/v2\/product"}],"about":[{"href":"https:\/\/games.tactic.net\/no\/wp-json\/wp\/v2\/types\/product"}],"wp:attachment":[{"href":"https:\/\/games.tactic.net\/no\/wp-json\/wp\/v2\/media?parent=1363432"}],"wp:term":[{"taxonomy":"product_brand","embeddable":true,"href":"https:\/\/games.tactic.net\/no\/wp-json\/wp\/v2\/product_brand?post=1363432"},{"taxonomy":"product_cat","embeddable":true,"href":"https:\/\/games.tactic.net\/no\/wp-json\/wp\/v2\/product_cat?post=1363432"},{"taxonomy":"product_tag","embeddable":true,"href":"https:\/\/games.tactic.net\/no\/wp-json\/wp\/v2\/product_tag?post=1363432"},{"taxonomy":"brand","embeddable":true,"href":"https:\/\/games.tactic.net\/no\/wp-json\/wp\/v2\/brand?post=1363432"},{"taxonomy":"target-group","embeddable":true,"href":"https:\/\/games.tactic.net\/no\/wp-json\/wp\/v2\/target-group?post=1363432"},{"taxonomy":"discontinued","embeddable":true,"href":"https:\/\/games.tactic.net\/no\/wp-json\/wp\/v2\/discontinued?post=1363432"}],"curies":[{"name":"wp","href":"https:\/\/api.w.org\/{rel}","templated":true}]}}