{"id":1363388,"date":"2024-12-02T12:09:11","date_gmt":"2024-12-02T10:09:11","guid":{"rendered":"https:\/\/games.tactic.net\/tuote\/tactic-peppa-pig-3-in-1-lotto-domino-memo\/"},"modified":"2024-12-02T12:09:11","modified_gmt":"2024-12-02T10:09:11","slug":"tactic-peppa-pig-3-in-1-lotto-domino-memo","status":"publish","type":"product","link":"https:\/\/games.tactic.net\/no\/tuote\/tactic-peppa-pig-3-in-1-lotto-domino-memo\/","title":{"rendered":"Tactic Peppa Pig 3 in 1 Lotto, Domino, Memo"},"content":{"rendered":"<p>Tre morsomme spill I en boks! Denne boksen inneholder tre klassiske<br \/>\nspill: Memo, Lotto og Domino. Samle s\u00e5 mange brikker som mulig (Memo), finn brikker som passer p\u00e5 bildebrettet ditt (Lotto) og lag lange linjer med brikker (Domino). Endel\u00f8s moro for alle!<\/p>\n","protected":false},"excerpt":{"rendered":"<p>Tre morsomme spill I en boks! Denne boksen inneholder tre klassiske spill: Memo, Lotto og Domino. Samle s\u00e5 mange brikker som mulig (Memo), finn brikker som passer p\u00e5 bildebrettet ditt (Lotto) og lag lange linjer med brikker (Domino). Endel\u00f8s moro for alle!<\/p>\n","protected":false},"featured_media":0,"template":"","meta":{"content-type":"","_monsterinsights_skip_tracking":false,"_monsterinsights_sitenote_active":false,"_monsterinsights_sitenote_note":"","_monsterinsights_sitenote_category":0},"product_brand":[],"product_cat":[1649,1651],"product_tag":[1233],"brand":[],"target-group":[],"discontinued":[],"class_list":{"0":"post-1363388","1":"product","2":"type-product","3":"status-publish","5":"product_cat-barnespill-barnespill","6":"product_cat-memospill","7":"product_tag-kombinere-no","9":"first","10":"instock","11":"taxable","12":"shipping-taxable","13":"product-type-simple"},"aioseo_notices":[],"_links":{"self":[{"href":"https:\/\/games.tactic.net\/no\/wp-json\/wp\/v2\/product\/1363388","targetHints":{"allow":["GET"]}}],"collection":[{"href":"https:\/\/games.tactic.net\/no\/wp-json\/wp\/v2\/product"}],"about":[{"href":"https:\/\/games.tactic.net\/no\/wp-json\/wp\/v2\/types\/product"}],"wp:attachment":[{"href":"https:\/\/games.tactic.net\/no\/wp-json\/wp\/v2\/media?parent=1363388"}],"wp:term":[{"taxonomy":"product_brand","embeddable":true,"href":"https:\/\/games.tactic.net\/no\/wp-json\/wp\/v2\/product_brand?post=1363388"},{"taxonomy":"product_cat","embeddable":true,"href":"https:\/\/games.tactic.net\/no\/wp-json\/wp\/v2\/product_cat?post=1363388"},{"taxonomy":"product_tag","embeddable":true,"href":"https:\/\/games.tactic.net\/no\/wp-json\/wp\/v2\/product_tag?post=1363388"},{"taxonomy":"brand","embeddable":true,"href":"https:\/\/games.tactic.net\/no\/wp-json\/wp\/v2\/brand?post=1363388"},{"taxonomy":"target-group","embeddable":true,"href":"https:\/\/games.tactic.net\/no\/wp-json\/wp\/v2\/target-group?post=1363388"},{"taxonomy":"discontinued","embeddable":true,"href":"https:\/\/games.tactic.net\/no\/wp-json\/wp\/v2\/discontinued?post=1363388"}],"curies":[{"name":"wp","href":"https:\/\/api.w.org\/{rel}","templated":true}]}}