{"id":1362950,"date":"2024-11-27T08:09:16","date_gmt":"2024-11-27T06:09:16","guid":{"rendered":"https:\/\/games.tactic.net\/tuote\/penol-textile-markers-16-for-future-artists\/"},"modified":"2024-11-27T08:09:16","modified_gmt":"2024-11-27T06:09:16","slug":"penol-textile-markers-16-for-future-artists","status":"publish","type":"product","link":"https:\/\/games.tactic.net\/no\/tuote\/penol-textile-markers-16-for-future-artists\/","title":{"rendered":"PENOL TEXTILE MARKERS 16 FOR FUTURE ARTISTS"},"content":{"rendered":"<p>Tekstiltusjer i 16 forskjellige farger &#8211; dekorer t-skjorten din slik at den blir helt unik. Favorittdiktet, det beste bandet, spr\u00f8 m\u00f8nstre eller kule tegneserier \u2013 det er opp til deg \u00e5 bestemme hva som for eksempel gj\u00f8r t\u00f8yvesken din helt personlig. Eller bruk dine hvite canvassko til \u00e5 uttrykke din egen stil.<\/p>\n","protected":false},"excerpt":{"rendered":"<p>16 stk. tekstiltusjer.<\/p>\n","protected":false},"featured_media":0,"template":"","meta":{"content-type":"","_monsterinsights_skip_tracking":false,"_monsterinsights_sitenote_active":false,"_monsterinsights_sitenote_note":"","_monsterinsights_sitenote_category":0},"product_brand":[],"product_cat":[2229],"product_tag":[],"brand":[],"target-group":[],"discontinued":[],"class_list":{"0":"post-1362950","1":"product","2":"type-product","3":"status-publish","5":"product_cat-fargelegge","7":"first","8":"instock","9":"taxable","10":"shipping-taxable","11":"product-type-simple"},"aioseo_notices":[],"_links":{"self":[{"href":"https:\/\/games.tactic.net\/no\/wp-json\/wp\/v2\/product\/1362950","targetHints":{"allow":["GET"]}}],"collection":[{"href":"https:\/\/games.tactic.net\/no\/wp-json\/wp\/v2\/product"}],"about":[{"href":"https:\/\/games.tactic.net\/no\/wp-json\/wp\/v2\/types\/product"}],"wp:attachment":[{"href":"https:\/\/games.tactic.net\/no\/wp-json\/wp\/v2\/media?parent=1362950"}],"wp:term":[{"taxonomy":"product_brand","embeddable":true,"href":"https:\/\/games.tactic.net\/no\/wp-json\/wp\/v2\/product_brand?post=1362950"},{"taxonomy":"product_cat","embeddable":true,"href":"https:\/\/games.tactic.net\/no\/wp-json\/wp\/v2\/product_cat?post=1362950"},{"taxonomy":"product_tag","embeddable":true,"href":"https:\/\/games.tactic.net\/no\/wp-json\/wp\/v2\/product_tag?post=1362950"},{"taxonomy":"brand","embeddable":true,"href":"https:\/\/games.tactic.net\/no\/wp-json\/wp\/v2\/brand?post=1362950"},{"taxonomy":"target-group","embeddable":true,"href":"https:\/\/games.tactic.net\/no\/wp-json\/wp\/v2\/target-group?post=1362950"},{"taxonomy":"discontinued","embeddable":true,"href":"https:\/\/games.tactic.net\/no\/wp-json\/wp\/v2\/discontinued?post=1362950"}],"curies":[{"name":"wp","href":"https:\/\/api.w.org\/{rel}","templated":true}]}}