{"id":1362801,"date":"2024-11-21T12:59:05","date_gmt":"2024-11-21T10:59:05","guid":{"rendered":"https:\/\/games.tactic.net\/tuote\/kimble-paw-patrol\/"},"modified":"2024-11-21T12:59:05","modified_gmt":"2024-11-21T10:59:05","slug":"kimble-paw-patrol","status":"publish","type":"product","link":"https:\/\/games.tactic.net\/no\/tuote\/kimble-paw-patrol\/","title":{"rendered":"Kimble Paw Patrol"},"content":{"rendered":"<p>Slaget er i gang! Flyt alle dine fire brikker rundt p\u00e5 banen og ind i sikkerhed, inden de andre spillere sl\u00e5r dig hjem. Den hoppende terning<br \/>\nviser dig, hvor langt du kan g\u00e5, men resten er op til dig selv\u2026<\/p>\n","protected":false},"excerpt":{"rendered":"<p>Slaget er i gang! Flyt alle dine fire brikker rundt p\u00e5 banen og ind i sikkerhed, inden de andre spillere sl\u00e5r dig hjem. Den hoppende terning viser dig, hvor langt du kan g\u00e5, men resten er op til dig selv\u2026<\/p>\n","protected":false},"featured_media":0,"template":"","meta":{"content-type":"","_monsterinsights_skip_tracking":false,"_monsterinsights_sitenote_active":false,"_monsterinsights_sitenote_note":"","_monsterinsights_sitenote_category":0},"product_brand":[],"product_cat":[1649],"product_tag":[1003,1239,974],"brand":[{"id":1338,"name":"Kimble","slug":"kimble-5"}],"target-group":[],"discontinued":[],"class_list":{"0":"post-1362801","1":"product","2":"type-product","3":"status-publish","5":"product_cat-barnespill-barnespill","6":"product_tag-hell","7":"product_tag-strategi-no","8":"product_tag-taktikk","9":"brand-kimble-5","11":"first","12":"instock","13":"taxable","14":"shipping-taxable","15":"product-type-simple"},"aioseo_notices":[],"_links":{"self":[{"href":"https:\/\/games.tactic.net\/no\/wp-json\/wp\/v2\/product\/1362801","targetHints":{"allow":["GET"]}}],"collection":[{"href":"https:\/\/games.tactic.net\/no\/wp-json\/wp\/v2\/product"}],"about":[{"href":"https:\/\/games.tactic.net\/no\/wp-json\/wp\/v2\/types\/product"}],"wp:attachment":[{"href":"https:\/\/games.tactic.net\/no\/wp-json\/wp\/v2\/media?parent=1362801"}],"wp:term":[{"taxonomy":"product_brand","embeddable":true,"href":"https:\/\/games.tactic.net\/no\/wp-json\/wp\/v2\/product_brand?post=1362801"},{"taxonomy":"product_cat","embeddable":true,"href":"https:\/\/games.tactic.net\/no\/wp-json\/wp\/v2\/product_cat?post=1362801"},{"taxonomy":"product_tag","embeddable":true,"href":"https:\/\/games.tactic.net\/no\/wp-json\/wp\/v2\/product_tag?post=1362801"},{"taxonomy":"brand","embeddable":true,"href":"https:\/\/games.tactic.net\/no\/wp-json\/wp\/v2\/brand?post=1362801"},{"taxonomy":"target-group","embeddable":true,"href":"https:\/\/games.tactic.net\/no\/wp-json\/wp\/v2\/target-group?post=1362801"},{"taxonomy":"discontinued","embeddable":true,"href":"https:\/\/games.tactic.net\/no\/wp-json\/wp\/v2\/discontinued?post=1362801"}],"curies":[{"name":"wp","href":"https:\/\/api.w.org\/{rel}","templated":true}]}}