{"id":1362798,"date":"2024-11-21T12:08:58","date_gmt":"2024-11-21T10:08:58","guid":{"rendered":"https:\/\/games.tactic.net\/tuote\/enhjorning-staende-hvit-og-rosa-60-cm\/"},"modified":"2024-11-22T15:16:28","modified_gmt":"2024-11-22T13:16:28","slug":"enhjorning-staende-hvit-og-rosa-60-cm","status":"archive","type":"product","link":"https:\/\/games.tactic.net\/no\/tuote\/enhjorning-staende-hvit-og-rosa-60-cm\/","title":{"rendered":"Enhj\u00f8rning st\u00e5ende hvit og rosa 60 cm"},"content":{"rendered":"<p>Denne skj\u00f8nne enhj\u00f8rningen liker \u00e5 spre glede og magi! Kan vaskes p\u00e5 40 grader. Godkjent fra 0+.<\/p>\n","protected":false},"excerpt":{"rendered":"<p>Denne skj\u00f8nne enhj\u00f8rningen liker \u00e5 spre glede og magi! Kan vaskes p\u00e5 40 grader. Godkjent fra 0+.<\/p>\n","protected":false},"featured_media":0,"template":"","meta":{"content-type":"","_monsterinsights_skip_tracking":false,"_monsterinsights_sitenote_active":false,"_monsterinsights_sitenote_note":"","_monsterinsights_sitenote_category":0},"product_brand":[],"product_cat":[2048],"product_tag":[],"brand":[],"target-group":[],"discontinued":[],"class_list":{"0":"post-1362798","1":"product","2":"type-product","3":"status-archive","5":"product_cat-teddykompaniet","7":"first","8":"outofstock","9":"taxable","10":"shipping-taxable","11":"product-type-simple"},"aioseo_notices":[],"_links":{"self":[{"href":"https:\/\/games.tactic.net\/no\/wp-json\/wp\/v2\/product\/1362798","targetHints":{"allow":["GET"]}}],"collection":[{"href":"https:\/\/games.tactic.net\/no\/wp-json\/wp\/v2\/product"}],"about":[{"href":"https:\/\/games.tactic.net\/no\/wp-json\/wp\/v2\/types\/product"}],"wp:attachment":[{"href":"https:\/\/games.tactic.net\/no\/wp-json\/wp\/v2\/media?parent=1362798"}],"wp:term":[{"taxonomy":"product_brand","embeddable":true,"href":"https:\/\/games.tactic.net\/no\/wp-json\/wp\/v2\/product_brand?post=1362798"},{"taxonomy":"product_cat","embeddable":true,"href":"https:\/\/games.tactic.net\/no\/wp-json\/wp\/v2\/product_cat?post=1362798"},{"taxonomy":"product_tag","embeddable":true,"href":"https:\/\/games.tactic.net\/no\/wp-json\/wp\/v2\/product_tag?post=1362798"},{"taxonomy":"brand","embeddable":true,"href":"https:\/\/games.tactic.net\/no\/wp-json\/wp\/v2\/brand?post=1362798"},{"taxonomy":"target-group","embeddable":true,"href":"https:\/\/games.tactic.net\/no\/wp-json\/wp\/v2\/target-group?post=1362798"},{"taxonomy":"discontinued","embeddable":true,"href":"https:\/\/games.tactic.net\/no\/wp-json\/wp\/v2\/discontinued?post=1362798"}],"curies":[{"name":"wp","href":"https:\/\/api.w.org\/{rel}","templated":true}]}}