{"id":1362181,"date":"2024-10-31T15:21:23","date_gmt":"2024-10-31T13:21:23","guid":{"rendered":"https:\/\/games.tactic.net\/tuote\/travel-animal-yatzy\/"},"modified":"2024-10-31T15:21:23","modified_gmt":"2024-10-31T13:21:23","slug":"travel-animal-yatzy","status":"publish","type":"product","link":"https:\/\/games.tactic.net\/no\/tuote\/travel-animal-yatzy\/","title":{"rendered":"Travel: Animal Yatzy"},"content":{"rendered":"<p>Er du klar for en vill omgang med Dyre-Yatzy? Trill de fem terningene, og pr\u00f8v \u00e5 f\u00e5 ulike kombinasjoner p\u00e5 poengblokka. Vinneren er den som har h\u00f8yest poengsum i slutten av spillet!<br \/>\n\u2022 Spill spillet i esken.<br \/>\n\u2022 Fargerike terninger med s\u00f8te dyreillustrasjoner<br \/>\nFor 2 eller flere spillere fra 4 \u00e5r<\/p>\n","protected":false},"excerpt":{"rendered":"<p>Er du klar for en vill omgang med Dyre-Yatzy? Trill de fem terningene, og pr\u00f8v \u00e5 f\u00e5 ulike kombinasjoner p\u00e5 poengblokka. Vinneren er den som har h\u00f8yest poengsum i slutten av spillet! \u2022 Spill spillet i esken. \u2022 Fargerike terninger med s\u00f8te dyreillustrasjoner For 2 eller flere spillere fra 4 \u00e5r<\/p>\n","protected":false},"featured_media":0,"template":"","meta":{"content-type":"","_monsterinsights_skip_tracking":false,"_monsterinsights_sitenote_active":false,"_monsterinsights_sitenote_note":"","_monsterinsights_sitenote_category":0},"product_brand":[],"product_cat":[1649],"product_tag":[358,1239],"brand":[],"target-group":[],"discontinued":[],"class_list":{"0":"post-1362181","1":"product","2":"type-product","3":"status-publish","5":"product_cat-barnespill-barnespill","6":"product_tag-beregning","7":"product_tag-strategi-no","9":"first","10":"instock","11":"taxable","12":"shipping-taxable","13":"product-type-simple"},"aioseo_notices":[],"_links":{"self":[{"href":"https:\/\/games.tactic.net\/no\/wp-json\/wp\/v2\/product\/1362181","targetHints":{"allow":["GET"]}}],"collection":[{"href":"https:\/\/games.tactic.net\/no\/wp-json\/wp\/v2\/product"}],"about":[{"href":"https:\/\/games.tactic.net\/no\/wp-json\/wp\/v2\/types\/product"}],"wp:attachment":[{"href":"https:\/\/games.tactic.net\/no\/wp-json\/wp\/v2\/media?parent=1362181"}],"wp:term":[{"taxonomy":"product_brand","embeddable":true,"href":"https:\/\/games.tactic.net\/no\/wp-json\/wp\/v2\/product_brand?post=1362181"},{"taxonomy":"product_cat","embeddable":true,"href":"https:\/\/games.tactic.net\/no\/wp-json\/wp\/v2\/product_cat?post=1362181"},{"taxonomy":"product_tag","embeddable":true,"href":"https:\/\/games.tactic.net\/no\/wp-json\/wp\/v2\/product_tag?post=1362181"},{"taxonomy":"brand","embeddable":true,"href":"https:\/\/games.tactic.net\/no\/wp-json\/wp\/v2\/brand?post=1362181"},{"taxonomy":"target-group","embeddable":true,"href":"https:\/\/games.tactic.net\/no\/wp-json\/wp\/v2\/target-group?post=1362181"},{"taxonomy":"discontinued","embeddable":true,"href":"https:\/\/games.tactic.net\/no\/wp-json\/wp\/v2\/discontinued?post=1362181"}],"curies":[{"name":"wp","href":"https:\/\/api.w.org\/{rel}","templated":true}]}}