{"id":1362175,"date":"2024-10-31T15:20:33","date_gmt":"2024-10-31T13:20:33","guid":{"rendered":"https:\/\/games.tactic.net\/tuote\/stor-malebok-for-de-minste-enkle-motiver-a-fargel\/"},"modified":"2024-10-31T15:20:33","modified_gmt":"2024-10-31T13:20:33","slug":"stor-malebok-for-de-minste-enkle-motiver-a-fargel","status":"publish","type":"product","link":"https:\/\/games.tactic.net\/no\/tuote\/stor-malebok-for-de-minste-enkle-motiver-a-fargel\/","title":{"rendered":"Stor malebok for de minste. Enkle motiver \u00e5 fargel"},"content":{"rendered":"<p>Her er en tykk og perfekt malebok for de aller yngste med hele 96 sider \u00e5 fargelegge. Store tegninger med tykke konturstreker gj\u00f8r det enklere for barna \u00e5 fargelegge tegningene.<\/p>\n<p>Dette produktet er laget i Finland, p\u00e5 Tactic Games sin egen ansvarlige fabrikk. V\u00e5r egen produksjon sikrer sporbarhet av alle materialer, og vi ble tildelt FSC-sertifikatet i 2021. Vi f\u00f8lger ogs\u00e5 n\u00f8ye med p\u00e5 karbonavtrykket v\u00e5rt.<\/p>\n","protected":false},"excerpt":{"rendered":"<p>Her er en tykk og perfekt malebok for de aller yngste med hele 96 sider \u00e5 fargelegge. Store tegninger med tykke konturstreker gj\u00f8r det enklere for barna \u00e5 fargelegge tegningene. Dette produktet er laget i Finland, p\u00e5 Tactic Games sin egen ansvarlige fabrikk. V\u00e5r egen produksjon sikrer sporbarhet av alle materialer, og vi ble tildelt [&hellip;]<\/p>\n","protected":false},"featured_media":0,"template":"","meta":{"content-type":"","_monsterinsights_skip_tracking":false,"_monsterinsights_sitenote_active":false,"_monsterinsights_sitenote_note":"","_monsterinsights_sitenote_category":0},"product_brand":[],"product_cat":[2027],"product_tag":[],"brand":[],"target-group":[],"discontinued":[],"class_list":{"0":"post-1362175","1":"product","2":"type-product","3":"status-publish","5":"product_cat-maleboker","7":"first","8":"instock","9":"taxable","10":"shipping-taxable","11":"product-type-simple"},"aioseo_notices":[],"_links":{"self":[{"href":"https:\/\/games.tactic.net\/no\/wp-json\/wp\/v2\/product\/1362175","targetHints":{"allow":["GET"]}}],"collection":[{"href":"https:\/\/games.tactic.net\/no\/wp-json\/wp\/v2\/product"}],"about":[{"href":"https:\/\/games.tactic.net\/no\/wp-json\/wp\/v2\/types\/product"}],"wp:attachment":[{"href":"https:\/\/games.tactic.net\/no\/wp-json\/wp\/v2\/media?parent=1362175"}],"wp:term":[{"taxonomy":"product_brand","embeddable":true,"href":"https:\/\/games.tactic.net\/no\/wp-json\/wp\/v2\/product_brand?post=1362175"},{"taxonomy":"product_cat","embeddable":true,"href":"https:\/\/games.tactic.net\/no\/wp-json\/wp\/v2\/product_cat?post=1362175"},{"taxonomy":"product_tag","embeddable":true,"href":"https:\/\/games.tactic.net\/no\/wp-json\/wp\/v2\/product_tag?post=1362175"},{"taxonomy":"brand","embeddable":true,"href":"https:\/\/games.tactic.net\/no\/wp-json\/wp\/v2\/brand?post=1362175"},{"taxonomy":"target-group","embeddable":true,"href":"https:\/\/games.tactic.net\/no\/wp-json\/wp\/v2\/target-group?post=1362175"},{"taxonomy":"discontinued","embeddable":true,"href":"https:\/\/games.tactic.net\/no\/wp-json\/wp\/v2\/discontinued?post=1362175"}],"curies":[{"name":"wp","href":"https:\/\/api.w.org\/{rel}","templated":true}]}}