{"id":1362083,"date":"2024-10-17T13:36:46","date_gmt":"2024-10-17T10:36:46","guid":{"rendered":"https:\/\/games.tactic.net\/tuote\/teddy-meal-lekesett\/"},"modified":"2024-10-17T13:36:46","modified_gmt":"2024-10-17T10:36:46","slug":"teddy-meal-lekesett","status":"publish","type":"product","link":"https:\/\/games.tactic.net\/no\/tuote\/teddy-meal-lekesett\/","title":{"rendered":"Teddy Meal lekesett"},"content":{"rendered":"<p>Teddy Meal er et innovativt lekesett i plysj, perfekt for \u00e5 gi barn en unik og morsom lekeopplevelse. N\u00e5 kan barna invitere p\u00e5 hamburger og pommes frites helt uten s\u00f8l. Inneholder: Brus i beger, hamburger som settes sammen etter \u00f8nske, pommes frites, samt en pose med plass til alt. Kan vaskes p\u00e5 40 grader. Godkjent fra 0+. Anbefalt fra 2-5 \u00e5r.<\/p>\n","protected":false},"excerpt":{"rendered":"<p>Teddy Meal er et innovativt lekesett i plysj, perfekt for \u00e5 gi barn en unik og morsom lekeopplevelse. N\u00e5 kan barna invitere p\u00e5 hamburger og pommes frites helt uten s\u00f8l. Inneholder: Brus i beger, hamburger som settes sammen etter \u00f8nske, pommes frites, samt en pose med plass til alt. Kan vaskes p\u00e5 40 grader. Godkjent [&hellip;]<\/p>\n","protected":false},"featured_media":0,"template":"","meta":{"content-type":"","_monsterinsights_skip_tracking":false,"_monsterinsights_sitenote_active":false,"_monsterinsights_sitenote_note":"","_monsterinsights_sitenote_category":0},"product_brand":[],"product_cat":[2048],"product_tag":[],"brand":[],"target-group":[],"discontinued":[],"class_list":{"0":"post-1362083","1":"product","2":"type-product","3":"status-publish","5":"product_cat-teddykompaniet","7":"first","8":"outofstock","9":"taxable","10":"shipping-taxable","11":"product-type-simple"},"aioseo_notices":[],"_links":{"self":[{"href":"https:\/\/games.tactic.net\/no\/wp-json\/wp\/v2\/product\/1362083","targetHints":{"allow":["GET"]}}],"collection":[{"href":"https:\/\/games.tactic.net\/no\/wp-json\/wp\/v2\/product"}],"about":[{"href":"https:\/\/games.tactic.net\/no\/wp-json\/wp\/v2\/types\/product"}],"wp:attachment":[{"href":"https:\/\/games.tactic.net\/no\/wp-json\/wp\/v2\/media?parent=1362083"}],"wp:term":[{"taxonomy":"product_brand","embeddable":true,"href":"https:\/\/games.tactic.net\/no\/wp-json\/wp\/v2\/product_brand?post=1362083"},{"taxonomy":"product_cat","embeddable":true,"href":"https:\/\/games.tactic.net\/no\/wp-json\/wp\/v2\/product_cat?post=1362083"},{"taxonomy":"product_tag","embeddable":true,"href":"https:\/\/games.tactic.net\/no\/wp-json\/wp\/v2\/product_tag?post=1362083"},{"taxonomy":"brand","embeddable":true,"href":"https:\/\/games.tactic.net\/no\/wp-json\/wp\/v2\/brand?post=1362083"},{"taxonomy":"target-group","embeddable":true,"href":"https:\/\/games.tactic.net\/no\/wp-json\/wp\/v2\/target-group?post=1362083"},{"taxonomy":"discontinued","embeddable":true,"href":"https:\/\/games.tactic.net\/no\/wp-json\/wp\/v2\/discontinued?post=1362083"}],"curies":[{"name":"wp","href":"https:\/\/api.w.org\/{rel}","templated":true}]}}