{"id":1362045,"date":"2024-10-15T08:13:29","date_gmt":"2024-10-15T05:13:29","guid":{"rendered":"https:\/\/games.tactic.net\/tuote\/puzzle-lovers-street-art-of-graffiti-500-pcs-puzzle\/"},"modified":"2024-10-15T08:13:29","modified_gmt":"2024-10-15T05:13:29","slug":"puzzle-lovers-street-art-of-graffiti-500-pcs-puzzle","status":"publish","type":"product","link":"https:\/\/games.tactic.net\/no\/tuote\/puzzle-lovers-street-art-of-graffiti-500-pcs-puzzle\/","title":{"rendered":"Puzzle Lovers Street Art of Graffiti 500 pcs puzzle"},"content":{"rendered":"<p>Puzzle Lovers 500 er en rekke utfordrende puslespill for b\u00e5de nybegynnere og ekte puslespillelskere. Hvert puslespill best\u00e5r av 500 h\u00f8ykvalitetsbrikker.<\/p>\n<p>Puzzle Lovers har noe for enhver puslespillentusiast. Fra pusleglade hobbyister til ivrige nybegynnere og barn. Puslespillene av h\u00f8y kvalitet inneholder nydelige landskap, fascinerende steder fra hele verden, mektige dyr, spesielle nordiske og sesongmessige temaer og mye mer.<\/p>\n","protected":false},"excerpt":{"rendered":"<p>47 x 31 cm.<\/p>\n","protected":false},"featured_media":0,"template":"","meta":{"content-type":"","_monsterinsights_skip_tracking":false,"_monsterinsights_sitenote_active":false,"_monsterinsights_sitenote_note":"","_monsterinsights_sitenote_category":0},"product_brand":[],"product_cat":[914],"product_tag":[],"brand":[],"target-group":[],"discontinued":[],"class_list":{"0":"post-1362045","1":"product","2":"type-product","3":"status-publish","5":"product_cat-500-brikker","7":"first","8":"instock","9":"taxable","10":"shipping-taxable","11":"product-type-simple"},"aioseo_notices":[],"_links":{"self":[{"href":"https:\/\/games.tactic.net\/no\/wp-json\/wp\/v2\/product\/1362045","targetHints":{"allow":["GET"]}}],"collection":[{"href":"https:\/\/games.tactic.net\/no\/wp-json\/wp\/v2\/product"}],"about":[{"href":"https:\/\/games.tactic.net\/no\/wp-json\/wp\/v2\/types\/product"}],"wp:attachment":[{"href":"https:\/\/games.tactic.net\/no\/wp-json\/wp\/v2\/media?parent=1362045"}],"wp:term":[{"taxonomy":"product_brand","embeddable":true,"href":"https:\/\/games.tactic.net\/no\/wp-json\/wp\/v2\/product_brand?post=1362045"},{"taxonomy":"product_cat","embeddable":true,"href":"https:\/\/games.tactic.net\/no\/wp-json\/wp\/v2\/product_cat?post=1362045"},{"taxonomy":"product_tag","embeddable":true,"href":"https:\/\/games.tactic.net\/no\/wp-json\/wp\/v2\/product_tag?post=1362045"},{"taxonomy":"brand","embeddable":true,"href":"https:\/\/games.tactic.net\/no\/wp-json\/wp\/v2\/brand?post=1362045"},{"taxonomy":"target-group","embeddable":true,"href":"https:\/\/games.tactic.net\/no\/wp-json\/wp\/v2\/target-group?post=1362045"},{"taxonomy":"discontinued","embeddable":true,"href":"https:\/\/games.tactic.net\/no\/wp-json\/wp\/v2\/discontinued?post=1362045"}],"curies":[{"name":"wp","href":"https:\/\/api.w.org\/{rel}","templated":true}]}}