{"id":1362017,"date":"2024-10-07T08:25:07","date_gmt":"2024-10-07T05:25:07","guid":{"rendered":"https:\/\/games.tactic.net\/tuote\/safari-malebok\/"},"modified":"2024-10-07T08:25:07","modified_gmt":"2024-10-07T05:25:07","slug":"safari-malebok","status":"publish","type":"product","link":"https:\/\/games.tactic.net\/no\/tuote\/safari-malebok\/","title":{"rendered":"Safari malebok"},"content":{"rendered":"<p>Bli med p\u00e5 en fantastisk reise sammen med spennende og fascinerende dyr. Denne boken er full av ulike dyr som venter p\u00e5 at du skal fargelegge dem. Tigre, l\u00f8ver, nesehorn og mange, mange flere.<\/p>\n","protected":false},"excerpt":{"rendered":"<p>Bli med p\u00e5 en fantastisk reise sammen med spennende og fascinerende dyr. Denne boken er full av ulike dyr som venter p\u00e5 at du skal fargelegge dem. Tigre, l\u00f8ver, nesehorn og mange, mange flere.<\/p>\n","protected":false},"featured_media":0,"template":"","meta":{"content-type":"","_monsterinsights_skip_tracking":false,"_monsterinsights_sitenote_active":false,"_monsterinsights_sitenote_note":"","_monsterinsights_sitenote_category":0},"product_brand":[],"product_cat":[2027],"product_tag":[],"brand":[],"target-group":[],"discontinued":[],"class_list":{"0":"post-1362017","1":"product","2":"type-product","3":"status-publish","5":"product_cat-maleboker","7":"first","8":"instock","9":"taxable","10":"shipping-taxable","11":"product-type-simple"},"aioseo_notices":[],"_links":{"self":[{"href":"https:\/\/games.tactic.net\/no\/wp-json\/wp\/v2\/product\/1362017","targetHints":{"allow":["GET"]}}],"collection":[{"href":"https:\/\/games.tactic.net\/no\/wp-json\/wp\/v2\/product"}],"about":[{"href":"https:\/\/games.tactic.net\/no\/wp-json\/wp\/v2\/types\/product"}],"wp:attachment":[{"href":"https:\/\/games.tactic.net\/no\/wp-json\/wp\/v2\/media?parent=1362017"}],"wp:term":[{"taxonomy":"product_brand","embeddable":true,"href":"https:\/\/games.tactic.net\/no\/wp-json\/wp\/v2\/product_brand?post=1362017"},{"taxonomy":"product_cat","embeddable":true,"href":"https:\/\/games.tactic.net\/no\/wp-json\/wp\/v2\/product_cat?post=1362017"},{"taxonomy":"product_tag","embeddable":true,"href":"https:\/\/games.tactic.net\/no\/wp-json\/wp\/v2\/product_tag?post=1362017"},{"taxonomy":"brand","embeddable":true,"href":"https:\/\/games.tactic.net\/no\/wp-json\/wp\/v2\/brand?post=1362017"},{"taxonomy":"target-group","embeddable":true,"href":"https:\/\/games.tactic.net\/no\/wp-json\/wp\/v2\/target-group?post=1362017"},{"taxonomy":"discontinued","embeddable":true,"href":"https:\/\/games.tactic.net\/no\/wp-json\/wp\/v2\/discontinued?post=1362017"}],"curies":[{"name":"wp","href":"https:\/\/api.w.org\/{rel}","templated":true}]}}