{"id":1362010,"date":"2024-10-04T09:17:37","date_gmt":"2024-10-04T06:17:37","guid":{"rendered":"https:\/\/games.tactic.net\/tuote\/penol-12-permanent-markers-future-artist\/"},"modified":"2024-10-25T13:37:41","modified_gmt":"2024-10-25T10:37:41","slug":"penol-12-permanent-markers-future-artist","status":"publish","type":"product","link":"https:\/\/games.tactic.net\/no\/tuote\/penol-12-permanent-markers-future-artist\/","title":{"rendered":"PENOL 12 PERMANENT MARKERS FUTURE ARTIST"},"content":{"rendered":"<p>Permanente tusjer i 12 forskjellige farger. Blekket er permanent n\u00e5r det har t\u00f8rket, og tusjene kan brukes p\u00e5 nesten alle overflater, for eksempel stein, tre, metall, glass, plast og glanset papir. Rund spiss med linjebredde inntil 2 mm.<\/p>\n","protected":false},"excerpt":{"rendered":"<p>12 stk. permanente tusjer.<\/p>\n","protected":false},"featured_media":0,"template":"","meta":{"content-type":"","_monsterinsights_skip_tracking":false,"_monsterinsights_sitenote_active":false,"_monsterinsights_sitenote_note":"","_monsterinsights_sitenote_category":0},"product_brand":[],"product_cat":[2229,2130],"product_tag":[],"brand":[],"target-group":[],"discontinued":[],"class_list":{"0":"post-1362010","1":"product","2":"type-product","3":"status-publish","5":"product_cat-fargelegge","6":"product_cat-skrive","8":"first","9":"instock","10":"taxable","11":"shipping-taxable","12":"product-type-simple"},"aioseo_notices":[],"_links":{"self":[{"href":"https:\/\/games.tactic.net\/no\/wp-json\/wp\/v2\/product\/1362010","targetHints":{"allow":["GET"]}}],"collection":[{"href":"https:\/\/games.tactic.net\/no\/wp-json\/wp\/v2\/product"}],"about":[{"href":"https:\/\/games.tactic.net\/no\/wp-json\/wp\/v2\/types\/product"}],"wp:attachment":[{"href":"https:\/\/games.tactic.net\/no\/wp-json\/wp\/v2\/media?parent=1362010"}],"wp:term":[{"taxonomy":"product_brand","embeddable":true,"href":"https:\/\/games.tactic.net\/no\/wp-json\/wp\/v2\/product_brand?post=1362010"},{"taxonomy":"product_cat","embeddable":true,"href":"https:\/\/games.tactic.net\/no\/wp-json\/wp\/v2\/product_cat?post=1362010"},{"taxonomy":"product_tag","embeddable":true,"href":"https:\/\/games.tactic.net\/no\/wp-json\/wp\/v2\/product_tag?post=1362010"},{"taxonomy":"brand","embeddable":true,"href":"https:\/\/games.tactic.net\/no\/wp-json\/wp\/v2\/brand?post=1362010"},{"taxonomy":"target-group","embeddable":true,"href":"https:\/\/games.tactic.net\/no\/wp-json\/wp\/v2\/target-group?post=1362010"},{"taxonomy":"discontinued","embeddable":true,"href":"https:\/\/games.tactic.net\/no\/wp-json\/wp\/v2\/discontinued?post=1362010"}],"curies":[{"name":"wp","href":"https:\/\/api.w.org\/{rel}","templated":true}]}}