{"id":1362008,"date":"2024-10-04T09:17:27","date_gmt":"2024-10-04T06:17:27","guid":{"rendered":"https:\/\/games.tactic.net\/tuote\/penol-soft-brush-markers-36-future-artists\/"},"modified":"2024-10-04T09:17:27","modified_gmt":"2024-10-04T06:17:27","slug":"penol-soft-brush-markers-36-future-artists","status":"publish","type":"product","link":"https:\/\/games.tactic.net\/no\/tuote\/penol-soft-brush-markers-36-future-artists\/","title":{"rendered":"PENOL SOFT BRUSH MARKERS 36 FUTURE ARTISTS"},"content":{"rendered":"<p>Penseltusjer med stor (10 mm) bl\u00f8t spiss. Meget fleksible &#8211; lag helt smale streker eller brede str\u00f8k. Tusjene er gode til b\u00e5de \u00e5 skrive, tegne og fargelegge med. Blekket er vannbasert og fargene blander seg fint p\u00e5 papiret hvis de p\u00e5f\u00f8res opp\u00e5 hverandre. Den praktiske fold-ut esken gir et raskt overblikk over alle fargene og sikrer enkel transport og oppbevaring.<\/p>\n","protected":false},"excerpt":{"rendered":"<p>36 stk. penseltusjer i praktisk fold-ut eske.<\/p>\n","protected":false},"featured_media":0,"template":"","meta":{"content-type":"","_monsterinsights_skip_tracking":false,"_monsterinsights_sitenote_active":false,"_monsterinsights_sitenote_note":"","_monsterinsights_sitenote_category":0},"product_brand":[],"product_cat":[2229],"product_tag":[],"brand":[],"target-group":[],"discontinued":[],"class_list":{"0":"post-1362008","1":"product","2":"type-product","3":"status-publish","5":"product_cat-fargelegge","7":"first","8":"instock","9":"taxable","10":"shipping-taxable","11":"product-type-simple"},"aioseo_notices":[],"_links":{"self":[{"href":"https:\/\/games.tactic.net\/no\/wp-json\/wp\/v2\/product\/1362008","targetHints":{"allow":["GET"]}}],"collection":[{"href":"https:\/\/games.tactic.net\/no\/wp-json\/wp\/v2\/product"}],"about":[{"href":"https:\/\/games.tactic.net\/no\/wp-json\/wp\/v2\/types\/product"}],"wp:attachment":[{"href":"https:\/\/games.tactic.net\/no\/wp-json\/wp\/v2\/media?parent=1362008"}],"wp:term":[{"taxonomy":"product_brand","embeddable":true,"href":"https:\/\/games.tactic.net\/no\/wp-json\/wp\/v2\/product_brand?post=1362008"},{"taxonomy":"product_cat","embeddable":true,"href":"https:\/\/games.tactic.net\/no\/wp-json\/wp\/v2\/product_cat?post=1362008"},{"taxonomy":"product_tag","embeddable":true,"href":"https:\/\/games.tactic.net\/no\/wp-json\/wp\/v2\/product_tag?post=1362008"},{"taxonomy":"brand","embeddable":true,"href":"https:\/\/games.tactic.net\/no\/wp-json\/wp\/v2\/brand?post=1362008"},{"taxonomy":"target-group","embeddable":true,"href":"https:\/\/games.tactic.net\/no\/wp-json\/wp\/v2\/target-group?post=1362008"},{"taxonomy":"discontinued","embeddable":true,"href":"https:\/\/games.tactic.net\/no\/wp-json\/wp\/v2\/discontinued?post=1362008"}],"curies":[{"name":"wp","href":"https:\/\/api.w.org\/{rel}","templated":true}]}}