{"id":1361990,"date":"2024-10-02T10:17:34","date_gmt":"2024-10-02T07:17:34","guid":{"rendered":"https:\/\/games.tactic.net\/tuote\/mercedes-benz-sprinter-municipal-garbage-truck-toy\/"},"modified":"2024-10-02T10:17:34","modified_gmt":"2024-10-02T07:17:34","slug":"mercedes-benz-sprinter-municipal-garbage-truck-toy","status":"publish","type":"product","link":"https:\/\/games.tactic.net\/no\/tuote\/mercedes-benz-sprinter-municipal-garbage-truck-toy\/","title":{"rendered":"Mercedes-Benz Sprinter Municipal garbage truck toy"},"content":{"rendered":"<p>For avfallsh\u00e5ndtering i trange byomr\u00e5der og fotgjengersoner finnes et kompakt avfallskj\u00f8ret\u00f8y basert p\u00e5 en Sprinter. Dette viktige kj\u00f8ret\u00f8yet for alle kommunale tjenesteleverand\u00f8rer er n\u00e5 tilgjengelig i skala 1:16 fra BRUDER nyttekj\u00f8ret\u00f8y. Akkurat som originalen kan sm\u00e5 s\u00f8ppeldunker og avfallsbeholdere t\u00f8mmes med denne detaljerte leken. Det er to sidespor for avfallsposer og gjenglemte gjenstander. N\u00e5r dunkene eller avfallsbeholderne l\u00f8ftes opp for t\u00f8mming, \u00e5pnes den \u00f8vre bakluken automatisk. Etter t\u00f8mming og senking av beholderne lukkes klaffen igjen. T\u00f8mming av kj\u00f8ret\u00f8yet gj\u00f8res ved \u00e5 l\u00e5se opp og \u00e5pne bakluken og vippe kj\u00f8ret\u00f8yets struktur.<\/p>\n","protected":false},"excerpt":{"rendered":"<p>For avfallsh\u00e5ndtering i trange byomr\u00e5der og fotgjengersoner finnes et kompakt avfallskj\u00f8ret\u00f8y basert p\u00e5 en Sprinter. Dette viktige kj\u00f8ret\u00f8yet for alle kommunale tjenesteleverand\u00f8rer er n\u00e5 tilgjengelig i skala 1:16 fra BRUDER nyttekj\u00f8ret\u00f8y. Akkurat som originalen kan sm\u00e5 s\u00f8ppeldunker og avfallsbeholdere t\u00f8mmes med denne detaljerte leken. Det er to sidespor for avfallsposer og gjenglemte gjenstander. N\u00e5r dunkene [&hellip;]<\/p>\n","protected":false},"featured_media":0,"template":"","meta":{"content-type":"","_monsterinsights_skip_tracking":false,"_monsterinsights_sitenote_active":false,"_monsterinsights_sitenote_note":"","_monsterinsights_sitenote_category":0},"product_brand":[],"product_cat":[1705],"product_tag":[],"brand":[],"target-group":[],"discontinued":[],"class_list":{"0":"post-1361990","1":"product","2":"type-product","3":"status-publish","5":"product_cat-bruder-leker","7":"first","8":"instock","9":"taxable","10":"shipping-taxable","11":"product-type-simple"},"aioseo_notices":[],"_links":{"self":[{"href":"https:\/\/games.tactic.net\/no\/wp-json\/wp\/v2\/product\/1361990","targetHints":{"allow":["GET"]}}],"collection":[{"href":"https:\/\/games.tactic.net\/no\/wp-json\/wp\/v2\/product"}],"about":[{"href":"https:\/\/games.tactic.net\/no\/wp-json\/wp\/v2\/types\/product"}],"wp:attachment":[{"href":"https:\/\/games.tactic.net\/no\/wp-json\/wp\/v2\/media?parent=1361990"}],"wp:term":[{"taxonomy":"product_brand","embeddable":true,"href":"https:\/\/games.tactic.net\/no\/wp-json\/wp\/v2\/product_brand?post=1361990"},{"taxonomy":"product_cat","embeddable":true,"href":"https:\/\/games.tactic.net\/no\/wp-json\/wp\/v2\/product_cat?post=1361990"},{"taxonomy":"product_tag","embeddable":true,"href":"https:\/\/games.tactic.net\/no\/wp-json\/wp\/v2\/product_tag?post=1361990"},{"taxonomy":"brand","embeddable":true,"href":"https:\/\/games.tactic.net\/no\/wp-json\/wp\/v2\/brand?post=1361990"},{"taxonomy":"target-group","embeddable":true,"href":"https:\/\/games.tactic.net\/no\/wp-json\/wp\/v2\/target-group?post=1361990"},{"taxonomy":"discontinued","embeddable":true,"href":"https:\/\/games.tactic.net\/no\/wp-json\/wp\/v2\/discontinued?post=1361990"}],"curies":[{"name":"wp","href":"https:\/\/api.w.org\/{rel}","templated":true}]}}