{"id":1361984,"date":"2024-10-01T11:20:11","date_gmt":"2024-10-01T08:20:11","guid":{"rendered":"https:\/\/games.tactic.net\/tuote\/flotte-hester-stor-aktivitetsbok\/"},"modified":"2024-10-01T11:20:11","modified_gmt":"2024-10-01T08:20:11","slug":"flotte-hester-stor-aktivitetsbok","status":"publish","type":"product","link":"https:\/\/games.tactic.net\/no\/tuote\/flotte-hester-stor-aktivitetsbok\/","title":{"rendered":"Flotte hester stor aktivitetsbok"},"content":{"rendered":"<p>Et begeistret vrinsk kan h\u00f8res fra stallen, og snart kan<br \/>\ndu se den flotte manen og den kjente viftingen med<br \/>\nhalen. Det er p\u00e5 tide \u00e5 sette seg i sadelen og galoppere<br \/>\np\u00e5 de \u00e5pne slettene. Denne 96-siders aktivitetsboken<br \/>\nvil glede alle som liker hester.<\/p>\n<p>Dette produktet er laget i Finland, p\u00e5 Tactic Games sin egen ansvarlige fabrikk. V\u00e5r egen produksjon sikrer sporbarhet av alle materialer, og vi ble tildelt FSC-sertifikatet i 2021. Vi f\u00f8lger ogs\u00e5 n\u00f8ye med p\u00e5 karbonavtrykket v\u00e5rt.<\/p>\n","protected":false},"excerpt":{"rendered":"<p>Et begeistret vrinsk kan h\u00f8res fra stallen, og snart kan du se den flotte manen og den kjente viftingen med halen. Det er p\u00e5 tide \u00e5 sette seg i sadelen og galoppere p\u00e5 de \u00e5pne slettene. Denne 96-siders aktivitetsboken vil glede alle som liker hester. Dette produktet er laget i Finland, p\u00e5 Tactic Games sin [&hellip;]<\/p>\n","protected":false},"featured_media":0,"template":"","meta":{"content-type":"","_monsterinsights_skip_tracking":false,"_monsterinsights_sitenote_active":false,"_monsterinsights_sitenote_note":"","_monsterinsights_sitenote_category":0},"product_brand":[],"product_cat":[2026],"product_tag":[],"brand":[],"target-group":[],"discontinued":[],"class_list":{"0":"post-1361984","1":"product","2":"type-product","3":"status-publish","5":"product_cat-aktivitetsboker","7":"first","8":"instock","9":"taxable","10":"shipping-taxable","11":"product-type-simple"},"aioseo_notices":[],"_links":{"self":[{"href":"https:\/\/games.tactic.net\/no\/wp-json\/wp\/v2\/product\/1361984","targetHints":{"allow":["GET"]}}],"collection":[{"href":"https:\/\/games.tactic.net\/no\/wp-json\/wp\/v2\/product"}],"about":[{"href":"https:\/\/games.tactic.net\/no\/wp-json\/wp\/v2\/types\/product"}],"wp:attachment":[{"href":"https:\/\/games.tactic.net\/no\/wp-json\/wp\/v2\/media?parent=1361984"}],"wp:term":[{"taxonomy":"product_brand","embeddable":true,"href":"https:\/\/games.tactic.net\/no\/wp-json\/wp\/v2\/product_brand?post=1361984"},{"taxonomy":"product_cat","embeddable":true,"href":"https:\/\/games.tactic.net\/no\/wp-json\/wp\/v2\/product_cat?post=1361984"},{"taxonomy":"product_tag","embeddable":true,"href":"https:\/\/games.tactic.net\/no\/wp-json\/wp\/v2\/product_tag?post=1361984"},{"taxonomy":"brand","embeddable":true,"href":"https:\/\/games.tactic.net\/no\/wp-json\/wp\/v2\/brand?post=1361984"},{"taxonomy":"target-group","embeddable":true,"href":"https:\/\/games.tactic.net\/no\/wp-json\/wp\/v2\/target-group?post=1361984"},{"taxonomy":"discontinued","embeddable":true,"href":"https:\/\/games.tactic.net\/no\/wp-json\/wp\/v2\/discontinued?post=1361984"}],"curies":[{"name":"wp","href":"https:\/\/api.w.org\/{rel}","templated":true}]}}