{"id":1361983,"date":"2024-10-01T11:20:01","date_gmt":"2024-10-01T08:20:01","guid":{"rendered":"https:\/\/games.tactic.net\/tuote\/vakre-prinsesser-stor-aktivitetsbok\/"},"modified":"2024-10-01T11:20:01","modified_gmt":"2024-10-01T08:20:01","slug":"vakre-prinsesser-stor-aktivitetsbok","status":"publish","type":"product","link":"https:\/\/games.tactic.net\/no\/tuote\/vakre-prinsesser-stor-aktivitetsbok\/","title":{"rendered":"Vakre prinsesser stor aktivitetsbok"},"content":{"rendered":"<p>Storsl\u00e5tte ballsaler, romantiske rideturer, vakre blomster, flotte<br \/>\nballkjoler\u2026 en prinsesses verden er full av vakre ting og hendelser.<br \/>\nKos deg med morsomme oppgaver og vakker fargelegging sammen<br \/>\nmed de sjarmerende prinsessene.<\/p>\n<p>Dette produktet er laget i Finland, p\u00e5 Tactic Games sin egen ansvarlige fabrikk. V\u00e5r egen produksjon sikrer sporbarhet av alle materialer, og vi ble tildelt FSC-sertifikatet i 2021. Vi f\u00f8lger ogs\u00e5 n\u00f8ye med p\u00e5 karbonavtrykket v\u00e5rt.<\/p>\n","protected":false},"excerpt":{"rendered":"<p>Storsl\u00e5tte ballsaler, romantiske rideturer, vakre blomster, flotte ballkjoler\u2026 en prinsesses verden er full av vakre ting og hendelser. Kos deg med morsomme oppgaver og vakker fargelegging sammen med de sjarmerende prinsessene. Dette produktet er laget i Finland, p\u00e5 Tactic Games sin egen ansvarlige fabrikk. V\u00e5r egen produksjon sikrer sporbarhet av alle materialer, og vi ble [&hellip;]<\/p>\n","protected":false},"featured_media":0,"template":"","meta":{"content-type":"","_monsterinsights_skip_tracking":false,"_monsterinsights_sitenote_active":false,"_monsterinsights_sitenote_note":"","_monsterinsights_sitenote_category":0},"product_brand":[],"product_cat":[2026],"product_tag":[],"brand":[],"target-group":[],"discontinued":[],"class_list":{"0":"post-1361983","1":"product","2":"type-product","3":"status-publish","5":"product_cat-aktivitetsboker","7":"first","8":"instock","9":"taxable","10":"shipping-taxable","11":"product-type-simple"},"aioseo_notices":[],"_links":{"self":[{"href":"https:\/\/games.tactic.net\/no\/wp-json\/wp\/v2\/product\/1361983","targetHints":{"allow":["GET"]}}],"collection":[{"href":"https:\/\/games.tactic.net\/no\/wp-json\/wp\/v2\/product"}],"about":[{"href":"https:\/\/games.tactic.net\/no\/wp-json\/wp\/v2\/types\/product"}],"wp:attachment":[{"href":"https:\/\/games.tactic.net\/no\/wp-json\/wp\/v2\/media?parent=1361983"}],"wp:term":[{"taxonomy":"product_brand","embeddable":true,"href":"https:\/\/games.tactic.net\/no\/wp-json\/wp\/v2\/product_brand?post=1361983"},{"taxonomy":"product_cat","embeddable":true,"href":"https:\/\/games.tactic.net\/no\/wp-json\/wp\/v2\/product_cat?post=1361983"},{"taxonomy":"product_tag","embeddable":true,"href":"https:\/\/games.tactic.net\/no\/wp-json\/wp\/v2\/product_tag?post=1361983"},{"taxonomy":"brand","embeddable":true,"href":"https:\/\/games.tactic.net\/no\/wp-json\/wp\/v2\/brand?post=1361983"},{"taxonomy":"target-group","embeddable":true,"href":"https:\/\/games.tactic.net\/no\/wp-json\/wp\/v2\/target-group?post=1361983"},{"taxonomy":"discontinued","embeddable":true,"href":"https:\/\/games.tactic.net\/no\/wp-json\/wp\/v2\/discontinued?post=1361983"}],"curies":[{"name":"wp","href":"https:\/\/api.w.org\/{rel}","templated":true}]}}