{"id":1361982,"date":"2024-10-01T11:19:54","date_gmt":"2024-10-01T08:19:54","guid":{"rendered":"https:\/\/games.tactic.net\/tuote\/travle-biler-og-anleggsmaskiner-klistremerkebok\/"},"modified":"2024-10-01T11:19:54","modified_gmt":"2024-10-01T08:19:54","slug":"travle-biler-og-anleggsmaskiner-klistremerkebok","status":"publish","type":"product","link":"https:\/\/games.tactic.net\/no\/tuote\/travle-biler-og-anleggsmaskiner-klistremerkebok\/","title":{"rendered":"Travle biler og anleggsmaskiner klistremerkebok"},"content":{"rendered":"<p>L\u00f8s de morsomme oppgavene og bruk klistremerkene som f\u00f8lger med.<br \/>\nDenne boken inneholder mange actionfylte oppgaver som du har mye glede<br \/>\nav. Bli med!<\/p>\n<p>Dette produktet er laget i Finland, p\u00e5 Tactic Games sin egen ansvarlige fabrikk. V\u00e5r egen produksjon sikrer sporbarhet av alle materialer, og vi ble tildelt FSC-sertifikatet i 2021. Vi f\u00f8lger ogs\u00e5 n\u00f8ye med p\u00e5 karbonavtrykket v\u00e5rt.<\/p>\n","protected":false},"excerpt":{"rendered":"<p>L\u00f8s de morsomme oppgavene og bruk klistremerkene som f\u00f8lger med. Denne boken inneholder mange actionfylte oppgaver som du har mye glede av. Bli med! Dette produktet er laget i Finland, p\u00e5 Tactic Games sin egen ansvarlige fabrikk. V\u00e5r egen produksjon sikrer sporbarhet av alle materialer, og vi ble tildelt FSC-sertifikatet i 2021. Vi f\u00f8lger ogs\u00e5 [&hellip;]<\/p>\n","protected":false},"featured_media":0,"template":"","meta":{"content-type":"","_monsterinsights_skip_tracking":false,"_monsterinsights_sitenote_active":false,"_monsterinsights_sitenote_note":"","_monsterinsights_sitenote_category":0},"product_brand":[],"product_cat":[2039],"product_tag":[],"brand":[],"target-group":[],"discontinued":[],"class_list":{"0":"post-1361982","1":"product","2":"type-product","3":"status-publish","5":"product_cat-aktivitetsboker-m-klistremerker","7":"first","8":"instock","9":"taxable","10":"shipping-taxable","11":"product-type-simple"},"aioseo_notices":[],"_links":{"self":[{"href":"https:\/\/games.tactic.net\/no\/wp-json\/wp\/v2\/product\/1361982","targetHints":{"allow":["GET"]}}],"collection":[{"href":"https:\/\/games.tactic.net\/no\/wp-json\/wp\/v2\/product"}],"about":[{"href":"https:\/\/games.tactic.net\/no\/wp-json\/wp\/v2\/types\/product"}],"wp:attachment":[{"href":"https:\/\/games.tactic.net\/no\/wp-json\/wp\/v2\/media?parent=1361982"}],"wp:term":[{"taxonomy":"product_brand","embeddable":true,"href":"https:\/\/games.tactic.net\/no\/wp-json\/wp\/v2\/product_brand?post=1361982"},{"taxonomy":"product_cat","embeddable":true,"href":"https:\/\/games.tactic.net\/no\/wp-json\/wp\/v2\/product_cat?post=1361982"},{"taxonomy":"product_tag","embeddable":true,"href":"https:\/\/games.tactic.net\/no\/wp-json\/wp\/v2\/product_tag?post=1361982"},{"taxonomy":"brand","embeddable":true,"href":"https:\/\/games.tactic.net\/no\/wp-json\/wp\/v2\/brand?post=1361982"},{"taxonomy":"target-group","embeddable":true,"href":"https:\/\/games.tactic.net\/no\/wp-json\/wp\/v2\/target-group?post=1361982"},{"taxonomy":"discontinued","embeddable":true,"href":"https:\/\/games.tactic.net\/no\/wp-json\/wp\/v2\/discontinued?post=1361982"}],"curies":[{"name":"wp","href":"https:\/\/api.w.org\/{rel}","templated":true}]}}