{"id":1361966,"date":"2024-09-30T16:18:01","date_gmt":"2024-09-30T13:18:01","guid":{"rendered":"https:\/\/games.tactic.net\/tuote\/teddy-mocca-kanin-34-creme-stor\/"},"modified":"2024-09-30T16:18:01","modified_gmt":"2024-09-30T13:18:01","slug":"teddy-mocca-kanin-34-creme-stor","status":"publish","type":"product","link":"https:\/\/games.tactic.net\/no\/tuote\/teddy-mocca-kanin-34-creme-stor\/","title":{"rendered":"Teddy Mocca kanin 34 creme stor"},"content":{"rendered":"<p>Mocca-serien har en helt nyutviklet pels i den aller beste og mykeste kvaliteten. Bamsen, som har broderte \u00f8yne, er den perfekte presangen. Produsert i \u00d8ko-tex sertifisert materiale, med fyll laget av resirkulerte plastflasker. Kan vaskes p\u00e5 40 grader. Godkjent fra 0+.<\/p>\n","protected":false},"excerpt":{"rendered":"<p>Mocca-serien har en helt nyutviklet pels i den aller beste og mykeste kvaliteten. Bamsen, som har broderte \u00f8yne, er den perfekte presangen. Produsert i \u00d8ko-tex sertifisert materiale, med fyll laget av resirkulerte plastflasker. Kan vaskes p\u00e5 40 grader. Godkjent fra 0+.<\/p>\n","protected":false},"featured_media":0,"template":"","meta":{"content-type":"","_monsterinsights_skip_tracking":false,"_monsterinsights_sitenote_active":false,"_monsterinsights_sitenote_note":"","_monsterinsights_sitenote_category":0},"product_brand":[],"product_cat":[2048],"product_tag":[],"brand":[],"target-group":[],"discontinued":[],"class_list":{"0":"post-1361966","1":"product","2":"type-product","3":"status-publish","5":"product_cat-teddykompaniet","7":"first","8":"outofstock","9":"taxable","10":"shipping-taxable","11":"product-type-simple"},"aioseo_notices":[],"_links":{"self":[{"href":"https:\/\/games.tactic.net\/no\/wp-json\/wp\/v2\/product\/1361966","targetHints":{"allow":["GET"]}}],"collection":[{"href":"https:\/\/games.tactic.net\/no\/wp-json\/wp\/v2\/product"}],"about":[{"href":"https:\/\/games.tactic.net\/no\/wp-json\/wp\/v2\/types\/product"}],"wp:attachment":[{"href":"https:\/\/games.tactic.net\/no\/wp-json\/wp\/v2\/media?parent=1361966"}],"wp:term":[{"taxonomy":"product_brand","embeddable":true,"href":"https:\/\/games.tactic.net\/no\/wp-json\/wp\/v2\/product_brand?post=1361966"},{"taxonomy":"product_cat","embeddable":true,"href":"https:\/\/games.tactic.net\/no\/wp-json\/wp\/v2\/product_cat?post=1361966"},{"taxonomy":"product_tag","embeddable":true,"href":"https:\/\/games.tactic.net\/no\/wp-json\/wp\/v2\/product_tag?post=1361966"},{"taxonomy":"brand","embeddable":true,"href":"https:\/\/games.tactic.net\/no\/wp-json\/wp\/v2\/brand?post=1361966"},{"taxonomy":"target-group","embeddable":true,"href":"https:\/\/games.tactic.net\/no\/wp-json\/wp\/v2\/target-group?post=1361966"},{"taxonomy":"discontinued","embeddable":true,"href":"https:\/\/games.tactic.net\/no\/wp-json\/wp\/v2\/discontinued?post=1361966"}],"curies":[{"name":"wp","href":"https:\/\/api.w.org\/{rel}","templated":true}]}}