{"id":1361914,"date":"2024-09-27T12:14:45","date_gmt":"2024-09-27T09:14:45","guid":{"rendered":"https:\/\/games.tactic.net\/tuote\/vare-sote-dyrevenner-klistremerkebok\/"},"modified":"2024-09-27T12:14:45","modified_gmt":"2024-09-27T09:14:45","slug":"vare-sote-dyrevenner-klistremerkebok","status":"publish","type":"product","link":"https:\/\/games.tactic.net\/no\/tuote\/vare-sote-dyrevenner-klistremerkebok\/","title":{"rendered":"V\u00e5re s\u00f8te dyrevenner klistremerkebok"},"content":{"rendered":"<p>Lekende hunder, s\u00f8te katter og mye kaniner. Denne aktivitetsboken<br \/>\ner full av s\u00f8te dyr. Gj\u00f8r ferdig de morsomme oppgavene med<br \/>\nklistremerker som f\u00f8lger med. Finn frem fargeblyantene og kos deg<br \/>\nmed alle de s\u00f8te dyrene.<\/p>\n","protected":false},"excerpt":{"rendered":"<p>Lekende hunder, s\u00f8te katter og mye kaniner. Denne aktivitetsboken er full av s\u00f8te dyr. Gj\u00f8r ferdig de morsomme oppgavene med klistremerker som f\u00f8lger med. Finn frem fargeblyantene og kos deg med alle de s\u00f8te dyrene.<\/p>\n","protected":false},"featured_media":0,"template":"","meta":{"content-type":"","_monsterinsights_skip_tracking":false,"_monsterinsights_sitenote_active":false,"_monsterinsights_sitenote_note":"","_monsterinsights_sitenote_category":0},"product_brand":[],"product_cat":[2039],"product_tag":[],"brand":[],"target-group":[],"discontinued":[],"class_list":{"0":"post-1361914","1":"product","2":"type-product","3":"status-publish","5":"product_cat-aktivitetsboker-m-klistremerker","7":"first","8":"instock","9":"taxable","10":"shipping-taxable","11":"product-type-simple"},"aioseo_notices":[],"_links":{"self":[{"href":"https:\/\/games.tactic.net\/no\/wp-json\/wp\/v2\/product\/1361914","targetHints":{"allow":["GET"]}}],"collection":[{"href":"https:\/\/games.tactic.net\/no\/wp-json\/wp\/v2\/product"}],"about":[{"href":"https:\/\/games.tactic.net\/no\/wp-json\/wp\/v2\/types\/product"}],"wp:attachment":[{"href":"https:\/\/games.tactic.net\/no\/wp-json\/wp\/v2\/media?parent=1361914"}],"wp:term":[{"taxonomy":"product_brand","embeddable":true,"href":"https:\/\/games.tactic.net\/no\/wp-json\/wp\/v2\/product_brand?post=1361914"},{"taxonomy":"product_cat","embeddable":true,"href":"https:\/\/games.tactic.net\/no\/wp-json\/wp\/v2\/product_cat?post=1361914"},{"taxonomy":"product_tag","embeddable":true,"href":"https:\/\/games.tactic.net\/no\/wp-json\/wp\/v2\/product_tag?post=1361914"},{"taxonomy":"brand","embeddable":true,"href":"https:\/\/games.tactic.net\/no\/wp-json\/wp\/v2\/brand?post=1361914"},{"taxonomy":"target-group","embeddable":true,"href":"https:\/\/games.tactic.net\/no\/wp-json\/wp\/v2\/target-group?post=1361914"},{"taxonomy":"discontinued","embeddable":true,"href":"https:\/\/games.tactic.net\/no\/wp-json\/wp\/v2\/discontinued?post=1361914"}],"curies":[{"name":"wp","href":"https:\/\/api.w.org\/{rel}","templated":true}]}}