{"id":1361528,"date":"2024-09-11T09:08:43","date_gmt":"2024-09-11T06:08:43","guid":{"rendered":"https:\/\/games.tactic.net\/tuote\/spioner\/"},"modified":"2024-09-11T09:08:43","modified_gmt":"2024-09-11T06:08:43","slug":"spioner","status":"publish","type":"product","link":"https:\/\/games.tactic.net\/no\/tuote\/spioner\/","title":{"rendered":"Spioner"},"content":{"rendered":"<p>Det er ingen tid \u00e5 miste! Din oppgave som elitespion er \u00e5 gj\u00f8re byen trygg igjen. Arbeid sammen som et team for \u00e5 l\u00f8se forbrytelsene. Unders\u00f8k \u00e5steder, samle spor og koble bevisene til de mistenkte f\u00f8r tiden renner ut. For 2-4 spillere. Fra 8 \u00e5r.<\/p>\n","protected":false},"excerpt":{"rendered":"<p>Det er ingen tid \u00e5 miste! Din oppgave som elitespion er \u00e5 gj\u00f8re byen trygg igjen. Arbeid sammen som et team for \u00e5 l\u00f8se forbrytelsene. Unders\u00f8k \u00e5steder, samle spor og koble bevisene til de mistenkte f\u00f8r tiden renner ut. For 2-4 spillere. Fra 8 \u00e5r.<\/p>\n","protected":false},"featured_media":0,"template":"","meta":{"content-type":"","_monsterinsights_skip_tracking":false,"_monsterinsights_sitenote_active":false,"_monsterinsights_sitenote_note":"","_monsterinsights_sitenote_category":0},"product_brand":[],"product_cat":[364],"product_tag":[],"brand":[],"target-group":[],"discontinued":[],"class_list":{"0":"post-1361528","1":"product","2":"type-product","3":"status-publish","5":"product_cat-familiespill","7":"first","8":"instock","9":"taxable","10":"shipping-taxable","11":"product-type-simple"},"aioseo_notices":[],"_links":{"self":[{"href":"https:\/\/games.tactic.net\/no\/wp-json\/wp\/v2\/product\/1361528","targetHints":{"allow":["GET"]}}],"collection":[{"href":"https:\/\/games.tactic.net\/no\/wp-json\/wp\/v2\/product"}],"about":[{"href":"https:\/\/games.tactic.net\/no\/wp-json\/wp\/v2\/types\/product"}],"wp:attachment":[{"href":"https:\/\/games.tactic.net\/no\/wp-json\/wp\/v2\/media?parent=1361528"}],"wp:term":[{"taxonomy":"product_brand","embeddable":true,"href":"https:\/\/games.tactic.net\/no\/wp-json\/wp\/v2\/product_brand?post=1361528"},{"taxonomy":"product_cat","embeddable":true,"href":"https:\/\/games.tactic.net\/no\/wp-json\/wp\/v2\/product_cat?post=1361528"},{"taxonomy":"product_tag","embeddable":true,"href":"https:\/\/games.tactic.net\/no\/wp-json\/wp\/v2\/product_tag?post=1361528"},{"taxonomy":"brand","embeddable":true,"href":"https:\/\/games.tactic.net\/no\/wp-json\/wp\/v2\/brand?post=1361528"},{"taxonomy":"target-group","embeddable":true,"href":"https:\/\/games.tactic.net\/no\/wp-json\/wp\/v2\/target-group?post=1361528"},{"taxonomy":"discontinued","embeddable":true,"href":"https:\/\/games.tactic.net\/no\/wp-json\/wp\/v2\/discontinued?post=1361528"}],"curies":[{"name":"wp","href":"https:\/\/api.w.org\/{rel}","templated":true}]}}