{"id":1361511,"date":"2024-09-05T12:10:43","date_gmt":"2024-09-05T09:10:43","guid":{"rendered":"https:\/\/games.tactic.net\/tuote\/animal-circus\/"},"modified":"2024-09-19T10:23:14","modified_gmt":"2024-09-19T07:23:14","slug":"animal-circus","status":"publish","type":"product","link":"https:\/\/games.tactic.net\/no\/tuote\/animal-circus\/","title":{"rendered":"Sirkusdyr"},"content":{"rendered":"<p>De bed\u00e5rende dyrene er opptatt av \u00e5 bli klare for deres spektakul\u00e6re opptreden, men noe mangler &#8211; rekvisittene! Gj\u00f8r deg klar for en morsom utfordring mens du kaster terningen, flytter dyret ditt og lander p\u00e5 spesielle omr\u00e5der som er fulle av overraskelser. Hvem kan fylle teltet sitt med rekvisitter f\u00f8rst?<br \/>\nFor 2-4 spillere fra 4 \u00e5r.<\/p>\n<p><img decoding=\"async\" src=\"https:\\\\\\\\games.tactic.net\\\\pic\\\\logo\\\\SE_2024_Arets-Barnspel_nominerad.png\"><\/p>\n","protected":false},"excerpt":{"rendered":"<p>De bed\u00e5rende dyrene er opptatt av \u00e5 bli klare for deres spektakul\u00e6re opptreden, men noe mangler &#8211; rekvisittene! Gj\u00f8r deg klar for en morsom utfordring mens du kaster terningen, flytter dyret ditt og lander p\u00e5 spesielle omr\u00e5der som er fulle av overraskelser. Hvem kan fylle teltet sitt med rekvisitter f\u00f8rst? For 2-4 spillere fra 4 [&hellip;]<\/p>\n","protected":false},"featured_media":0,"template":"","meta":{"content-type":"","_monsterinsights_skip_tracking":false,"_monsterinsights_sitenote_active":false,"_monsterinsights_sitenote_note":"","_monsterinsights_sitenote_category":0},"product_brand":[],"product_cat":[1649],"product_tag":[1221,318,1003,969],"brand":[],"target-group":[],"discontinued":[],"class_list":{"0":"post-1361511","1":"product","2":"type-product","3":"status-publish","5":"product_cat-barnespill-barnespill","6":"product_tag-funksjon-no","7":"product_tag-hastighet","8":"product_tag-hell","9":"product_tag-tidsfordriv-2","11":"first","12":"instock","13":"taxable","14":"shipping-taxable","15":"product-type-simple"},"aioseo_notices":[],"_links":{"self":[{"href":"https:\/\/games.tactic.net\/no\/wp-json\/wp\/v2\/product\/1361511","targetHints":{"allow":["GET"]}}],"collection":[{"href":"https:\/\/games.tactic.net\/no\/wp-json\/wp\/v2\/product"}],"about":[{"href":"https:\/\/games.tactic.net\/no\/wp-json\/wp\/v2\/types\/product"}],"wp:attachment":[{"href":"https:\/\/games.tactic.net\/no\/wp-json\/wp\/v2\/media?parent=1361511"}],"wp:term":[{"taxonomy":"product_brand","embeddable":true,"href":"https:\/\/games.tactic.net\/no\/wp-json\/wp\/v2\/product_brand?post=1361511"},{"taxonomy":"product_cat","embeddable":true,"href":"https:\/\/games.tactic.net\/no\/wp-json\/wp\/v2\/product_cat?post=1361511"},{"taxonomy":"product_tag","embeddable":true,"href":"https:\/\/games.tactic.net\/no\/wp-json\/wp\/v2\/product_tag?post=1361511"},{"taxonomy":"brand","embeddable":true,"href":"https:\/\/games.tactic.net\/no\/wp-json\/wp\/v2\/brand?post=1361511"},{"taxonomy":"target-group","embeddable":true,"href":"https:\/\/games.tactic.net\/no\/wp-json\/wp\/v2\/target-group?post=1361511"},{"taxonomy":"discontinued","embeddable":true,"href":"https:\/\/games.tactic.net\/no\/wp-json\/wp\/v2\/discontinued?post=1361511"}],"curies":[{"name":"wp","href":"https:\/\/api.w.org\/{rel}","templated":true}]}}