{"id":1361469,"date":"2024-09-04T16:10:40","date_gmt":"2024-09-04T13:10:40","guid":{"rendered":"https:\/\/games.tactic.net\/tuote\/puzzle-lovers-christmas-tree-miniature-1000-pcs-puzzle\/"},"modified":"2024-09-04T16:10:40","modified_gmt":"2024-09-04T13:10:40","slug":"puzzle-lovers-christmas-tree-miniature-1000-pcs-puzzle","status":"publish","type":"product","link":"https:\/\/games.tactic.net\/no\/tuote\/puzzle-lovers-christmas-tree-miniature-1000-pcs-puzzle\/","title":{"rendered":"Puzzle Lovers Christmas Tree Miniature 1000 pcs puzzle"},"content":{"rendered":"<p>Puzzle Lovers 1000 er en rekke utfordrende puslespill for b\u00e5de ivrige nybegynnere og ekte puslespillelskere. Hvert puslespill best\u00e5r av 1000 h\u00f8ykvalitetsbrikker.<\/p>\n","protected":false},"excerpt":{"rendered":"<p>Puzzle Lovers 1000 er en rekke utfordrende puslespill for b\u00e5de ivrige nybegynnere og ekte puslespillelskere. Hvert puslespill best\u00e5r av 1000 h\u00f8ykvalitetsbrikker.<\/p>\n","protected":false},"featured_media":0,"template":"","meta":{"content-type":"","_monsterinsights_skip_tracking":false,"_monsterinsights_sitenote_active":false,"_monsterinsights_sitenote_note":"","_monsterinsights_sitenote_category":0},"product_brand":[],"product_cat":[922],"product_tag":[],"brand":[{"id":606,"name":"PuzzleLovers","slug":"puzzlelovers_no"}],"target-group":[],"discontinued":[],"class_list":{"0":"post-1361469","1":"product","2":"type-product","3":"status-publish","5":"product_cat-1000-brikker","6":"brand-puzzlelovers_no","8":"first","9":"instock","10":"taxable","11":"shipping-taxable","12":"product-type-simple"},"aioseo_notices":[],"_links":{"self":[{"href":"https:\/\/games.tactic.net\/no\/wp-json\/wp\/v2\/product\/1361469","targetHints":{"allow":["GET"]}}],"collection":[{"href":"https:\/\/games.tactic.net\/no\/wp-json\/wp\/v2\/product"}],"about":[{"href":"https:\/\/games.tactic.net\/no\/wp-json\/wp\/v2\/types\/product"}],"wp:attachment":[{"href":"https:\/\/games.tactic.net\/no\/wp-json\/wp\/v2\/media?parent=1361469"}],"wp:term":[{"taxonomy":"product_brand","embeddable":true,"href":"https:\/\/games.tactic.net\/no\/wp-json\/wp\/v2\/product_brand?post=1361469"},{"taxonomy":"product_cat","embeddable":true,"href":"https:\/\/games.tactic.net\/no\/wp-json\/wp\/v2\/product_cat?post=1361469"},{"taxonomy":"product_tag","embeddable":true,"href":"https:\/\/games.tactic.net\/no\/wp-json\/wp\/v2\/product_tag?post=1361469"},{"taxonomy":"brand","embeddable":true,"href":"https:\/\/games.tactic.net\/no\/wp-json\/wp\/v2\/brand?post=1361469"},{"taxonomy":"target-group","embeddable":true,"href":"https:\/\/games.tactic.net\/no\/wp-json\/wp\/v2\/target-group?post=1361469"},{"taxonomy":"discontinued","embeddable":true,"href":"https:\/\/games.tactic.net\/no\/wp-json\/wp\/v2\/discontinued?post=1361469"}],"curies":[{"name":"wp","href":"https:\/\/api.w.org\/{rel}","templated":true}]}}