{"id":1361456,"date":"2024-09-04T13:09:39","date_gmt":"2024-09-04T10:09:39","guid":{"rendered":"https:\/\/games.tactic.net\/tuote\/bad-people\/"},"modified":"2024-11-15T14:24:23","modified_gmt":"2024-11-15T12:24:23","slug":"bad-people","status":"publish","type":"product","link":"https:\/\/games.tactic.net\/no\/tuote\/bad-people\/","title":{"rendered":"Bad People"},"content":{"rendered":"<p>Finn ut hva vennene dine egentlig<br \/>\nsynes om deg I dette morsomme og<br \/>\nbrutale stemmespillet!<br \/>\nDel spr\u00f8 og latterlige historier etter hver runde! F\u00e5<br \/>\npoeng n\u00e5r du gjetter p\u00e5 samme spiller som<br \/>\nsp\u00f8rsm\u00e5lkortleseren. F\u00e5 doble poeng ved \u00e5 bruke<br \/>\nDouble Down-kortet ditt.<br \/>\n\u2022 Fra 18 \u00e5r \u2013 For 3 \u2013 10 spillere.<\/p>\n","protected":false},"excerpt":{"rendered":"<p>Finn ut hva vennene dine egentlig synes om deg I dette morsomme og brutale stemmespillet! Del spr\u00f8 og latterlige historier etter hver runde! F\u00e5 poeng n\u00e5r du gjetter p\u00e5 samme spiller som sp\u00f8rsm\u00e5lkortleseren. F\u00e5 doble poeng ved \u00e5 bruke Double Down-kortet ditt. \u2022 Fra 18 \u00e5r \u2013 For 3 \u2013 10 spillere.<\/p>\n","protected":false},"featured_media":0,"template":"","meta":{"content-type":"","_monsterinsights_skip_tracking":false,"_monsterinsights_sitenote_active":false,"_monsterinsights_sitenote_note":"","_monsterinsights_sitenote_category":0},"product_brand":[],"product_cat":[1661],"product_tag":[969],"brand":[],"target-group":[],"discontinued":[],"class_list":{"0":"post-1361456","1":"product","2":"type-product","3":"status-publish","5":"product_cat-selskapsspill-voksenspill","6":"product_tag-tidsfordriv-2","8":"first","9":"instock","10":"taxable","11":"shipping-taxable","12":"product-type-simple"},"aioseo_notices":[],"_links":{"self":[{"href":"https:\/\/games.tactic.net\/no\/wp-json\/wp\/v2\/product\/1361456","targetHints":{"allow":["GET"]}}],"collection":[{"href":"https:\/\/games.tactic.net\/no\/wp-json\/wp\/v2\/product"}],"about":[{"href":"https:\/\/games.tactic.net\/no\/wp-json\/wp\/v2\/types\/product"}],"wp:attachment":[{"href":"https:\/\/games.tactic.net\/no\/wp-json\/wp\/v2\/media?parent=1361456"}],"wp:term":[{"taxonomy":"product_brand","embeddable":true,"href":"https:\/\/games.tactic.net\/no\/wp-json\/wp\/v2\/product_brand?post=1361456"},{"taxonomy":"product_cat","embeddable":true,"href":"https:\/\/games.tactic.net\/no\/wp-json\/wp\/v2\/product_cat?post=1361456"},{"taxonomy":"product_tag","embeddable":true,"href":"https:\/\/games.tactic.net\/no\/wp-json\/wp\/v2\/product_tag?post=1361456"},{"taxonomy":"brand","embeddable":true,"href":"https:\/\/games.tactic.net\/no\/wp-json\/wp\/v2\/brand?post=1361456"},{"taxonomy":"target-group","embeddable":true,"href":"https:\/\/games.tactic.net\/no\/wp-json\/wp\/v2\/target-group?post=1361456"},{"taxonomy":"discontinued","embeddable":true,"href":"https:\/\/games.tactic.net\/no\/wp-json\/wp\/v2\/discontinued?post=1361456"}],"curies":[{"name":"wp","href":"https:\/\/api.w.org\/{rel}","templated":true}]}}